{"id":395,"date":"2017-11-26T18:28:23","date_gmt":"2017-11-26T18:28:23","guid":{"rendered":"https:\/\/smilecreations.ca\/galerie-du-sourire\/"},"modified":"2023-07-06T23:41:38","modified_gmt":"2023-07-07T03:41:38","slug":"galerie-de-sourires","status":"publish","type":"page","link":"https:\/\/smilecreations.ca\/fr\/galerie-de-sourires\/","title":{"rendered":"Galerie de sourires"},"content":{"rendered":"<div class=\"wpb-content-wrapper\"><p>[vc_row css_animation=\u00a0\u00bb\u00a0\u00bb row_type=\u00a0\u00bbrow\u00a0\u00bb use_row_as_full_screen_section=\u00a0\u00bbno\u00a0\u00bb type=\u00a0\u00bbfull_width\u00a0\u00bb angled_section=\u00a0\u00bbno\u00a0\u00bb text_align=\u00a0\u00bbleft\u00a0\u00bb background_image_as_pattern=\u00a0\u00bbwithout_pattern\u00a0\u00bb css=\u00a0\u00bb.vc_custom_1688697778971{padding-top: 250px !important;padding-bottom: 100px !important;}\u00a0\u00bb z_index=\u00a0\u00bb\u00a0\u00bb background_color=\u00a0\u00bb#263047&Prime; background_image=\u00a0\u00bb10686&Prime;][vc_column][vc_row_inner row_type=\u00a0\u00bbrow\u00a0\u00bb type=\u00a0\u00bbgrid\u00a0\u00bb text_align=\u00a0\u00bbleft\u00a0\u00bb css_animation=\u00a0\u00bb\u00a0\u00bb][vc_column_inner width=\u00a0\u00bb1\/2&Prime;][vc_column_text el_class=\u00a0\u00bbdav-title\u00a0\u00bb]Explorez notre<br \/>\ngalerie de sourires[\/vc_column_text][vc_column_text el_class=\u00a0\u00bbc-white\u00a0\u00bb]Les images suivantes sont issues de vrais patients trait\u00e9s par Smile Creations[\/vc_column_text][\/vc_column_inner][vc_column_inner width=\u00a0\u00bb1\/2&Prime;][\/vc_column_inner][\/vc_row_inner][\/vc_column][\/vc_row][vc_row css_animation=\u00a0\u00bb\u00a0\u00bb row_type=\u00a0\u00bbrow\u00a0\u00bb use_row_as_full_screen_section=\u00a0\u00bbno\u00a0\u00bb type=\u00a0\u00bbfull_width\u00a0\u00bb angled_section=\u00a0\u00bbyes\u00a0\u00bb angled_section_position=\u00a0\u00bbtop\u00a0\u00bb angled_section_direction=\u00a0\u00bbfrom_right_to_left\u00a0\u00bb text_align=\u00a0\u00bbleft\u00a0\u00bb background_image_as_pattern=\u00a0\u00bbwithout_pattern\u00a0\u00bb z_index=\u00a0\u00bb\u00a0\u00bb background_color=\u00a0\u00bb#ffffff\u00a0\u00bb css=\u00a0\u00bb.vc_custom_1688502730565{padding-bottom: 150px !important;}\u00a0\u00bb][vc_column][vc_column_text]\n\n\n<div id=\"wpv-view-layout-347\" class=\"js-wpv-view-layout js-wpv-layout-responsive js-wpv-view-layout-347\" data-viewnumber=\"347\" data-pagination=\"{&quot;id&quot;:347,&quot;query&quot;:&quot;normal&quot;,&quot;type&quot;:&quot;disabled&quot;,&quot;effect&quot;:&quot;fade&quot;,&quot;duration&quot;:500,&quot;speed&quot;:5,&quot;pause_on_hover&quot;:&quot;disabled&quot;,&quot;stop_rollover&quot;:&quot;false&quot;,&quot;cache_pages&quot;:&quot;enabled&quot;,&quot;preload_images&quot;:&quot;enabled&quot;,&quot;preload_pages&quot;:&quot;enabled&quot;,&quot;preload_reach&quot;:1,&quot;spinner&quot;:&quot;builtin&quot;,&quot;spinner_image&quot;:&quot;https:\/\/smilecreations.ca\/wp-content\/plugins\/wp-views\/embedded\/res\/img\/ajax-loader.gif&quot;,&quot;callback_next&quot;:&quot;&quot;,&quot;manage_history&quot;:&quot;disabled&quot;,&quot;has_controls_in_form&quot;:&quot;disabled&quot;,&quot;infinite_tolerance&quot;:&quot;0&quot;,&quot;max_pages&quot;:0,&quot;page&quot;:1,&quot;base_permalink&quot;:&quot;\/fr\/wp-json\/wp\/v2\/pages\/395?wpv_view_count=347&amp;wpv_paged=WPV_PAGE_NUM&quot;,&quot;loop&quot;:{&quot;type&quot;:&quot;&quot;,&quot;name&quot;:&quot;&quot;,&quot;data&quot;:[],&quot;id&quot;:0}}\" data-permalink=\"\/fr\/wp-json\/wp\/v2\/pages\/395?wpv_view_count=347\">\n\n\t\n\t\n<div class=\"ba\"><div class=\"wpb-content-wrapper\"><div class=\"vc_row ba\">\n  <div class=\"vc_col-sm-2\">\n  <\/div>\n  <div class=\"vc_col-sm-4 text-center\">\n    <img decoding=\"async\" src=\"https:\/\/smilecreations.ca\/wp-content\/uploads\/2017\/11\/2B753F7EF9C54E81AA0F388E8A86B1A9-wpcf_612x329.png\" \/>\n    <div class=\"ba-txt h2\">Avant<\/div>\n  <\/div>\n  <div class=\"vc_col-sm-4 text-center\">\n    <img decoding=\"async\" src=\"https:\/\/smilecreations.ca\/wp-content\/uploads\/2017\/11\/711967577A884CB4A6BBF9E55422529F-wpcf_612x329.png\" \/>\n    <div class=\"ba-txt h2\">Apr\u00e8s<\/div>\n  <\/div>\n  <div class=\"vc_col-sm-2\">\n  <\/div>\n<\/div><\/div><\/div><div class=\"ba\"><div class=\"wpb-content-wrapper\"><div class=\"vc_row ba\">\n  <div class=\"vc_col-sm-2\">\n  <\/div>\n  <div class=\"vc_col-sm-4 text-center\">\n    <img decoding=\"async\" src=\"https:\/\/smilecreations.ca\/wp-content\/uploads\/2017\/11\/61F74AACF72C48389BD4CC8E651F7ED4-wpcf_612x329.png\" \/>\n    <div class=\"ba-txt h2\">Avant<\/div>\n  <\/div>\n  <div class=\"vc_col-sm-4 text-center\">\n    <img decoding=\"async\" src=\"https:\/\/smilecreations.ca\/wp-content\/uploads\/2017\/11\/D294F6BC263741A380C80060CA8E5C41-wpcf_612x329.png\" \/>\n    <div class=\"ba-txt h2\">Apr\u00e8s<\/div>\n  <\/div>\n  <div class=\"vc_col-sm-2\">\n  <\/div>\n<\/div><\/div><\/div><div class=\"ba\"><div class=\"wpb-content-wrapper\"><div class=\"vc_row ba\">\n  <div class=\"vc_col-sm-2\">\n  <\/div>\n  <div class=\"vc_col-sm-4 text-center\">\n    <img decoding=\"async\" src=\"https:\/\/smilecreations.ca\/wp-content\/uploads\/2017\/11\/F5BA5CB5EA4145F2ACF134E2605C9BD7-wpcf_612x329.png\" \/>\n    <div class=\"ba-txt h2\">Avant<\/div>\n  <\/div>\n  <div class=\"vc_col-sm-4 text-center\">\n    <img decoding=\"async\" src=\"https:\/\/smilecreations.ca\/wp-content\/uploads\/2017\/11\/E7764291F35541CFAA45CE158C5090FB-wpcf_612x329.png\" \/>\n    <div class=\"ba-txt h2\">Apr\u00e8s<\/div>\n  <\/div>\n  <div class=\"vc_col-sm-2\">\n  <\/div>\n<\/div><\/div><\/div>\n\t\n\t\n\t\n<\/div>\n[\/vc_column_text][\/vc_column][\/vc_row]<\/p>\n<\/div>","protected":false},"excerpt":{"rendered":"Explorez notre galerie de sourires Les images suivantes sont issues de vrais patients trait\u00e9s par Smile Creations Avant Apr\u00e8s Avant Apr\u00e8s Avant Apr\u00e8s","protected":false},"author":1,"featured_media":0,"parent":0,"menu_order":0,"comment_status":"closed","ping_status":"closed","template":"full_width.php","meta":{"footnotes":""},"class_list":["post-395","page","type-page","status-publish","hentry"],"_links":{"self":[{"href":"https:\/\/smilecreations.ca\/fr\/wp-json\/wp\/v2\/pages\/395","targetHints":{"allow":["GET"]}}],"collection":[{"href":"https:\/\/smilecreations.ca\/fr\/wp-json\/wp\/v2\/pages"}],"about":[{"href":"https:\/\/smilecreations.ca\/fr\/wp-json\/wp\/v2\/types\/page"}],"author":[{"embeddable":true,"href":"https:\/\/smilecreations.ca\/fr\/wp-json\/wp\/v2\/users\/1"}],"replies":[{"embeddable":true,"href":"https:\/\/smilecreations.ca\/fr\/wp-json\/wp\/v2\/comments?post=395"}],"version-history":[{"count":11,"href":"https:\/\/smilecreations.ca\/fr\/wp-json\/wp\/v2\/pages\/395\/revisions"}],"predecessor-version":[{"id":10768,"href":"https:\/\/smilecreations.ca\/fr\/wp-json\/wp\/v2\/pages\/395\/revisions\/10768"}],"wp:attachment":[{"href":"https:\/\/smilecreations.ca\/fr\/wp-json\/wp\/v2\/media?parent=395"}],"curies":[{"name":"wp","href":"https:\/\/api.w.org\/{rel}","templated":true}]}}