{"id":26,"date":"2017-04-14T17:26:34","date_gmt":"2017-04-14T17:26:34","guid":{"rendered":"https:\/\/smilecreations.ca\/?page_id=26"},"modified":"2025-11-13T11:14:34","modified_gmt":"2025-11-13T16:14:34","slug":"home","status":"publish","type":"page","link":"https:\/\/smilecreations.ca\/fr\/","title":{"rendered":"Accueil"},"content":{"rendered":"<div class=\"wpb-content-wrapper\"><p>[vc_row css_animation=\u00a0\u00bb\u00a0\u00bb row_type=\u00a0\u00bbrow\u00a0\u00bb use_row_as_full_screen_section=\u00a0\u00bbno\u00a0\u00bb type=\u00a0\u00bbfull_width\u00a0\u00bb angled_section=\u00a0\u00bbyes\u00a0\u00bb angled_section_position=\u00a0\u00bbtop\u00a0\u00bb angled_section_direction=\u00a0\u00bbfrom_right_to_left\u00a0\u00bb text_align=\u00a0\u00bbleft\u00a0\u00bb background_image_as_pattern=\u00a0\u00bbwithout_pattern\u00a0\u00bb z_index=\u00a0\u00bb\u00a0\u00bb css=\u00a0\u00bb.vc_custom_1688342703064{padding-top: 100px !important;padding-bottom: 200px !important;}\u00a0\u00bb background_color=\u00a0\u00bb#ffffff\u00a0\u00bb][vc_column][vc_row_inner row_type=\u00a0\u00bbrow\u00a0\u00bb type=\u00a0\u00bbgrid\u00a0\u00bb text_align=\u00a0\u00bbleft\u00a0\u00bb css_animation=\u00a0\u00bbelement_from_bottom\u00a0\u00bb][vc_column_inner][vc_column_text el_class=\u00a0\u00bbdav-title c-primary\u00a0\u00bb]Bienvenue[\/vc_column_text][\/vc_column_inner][\/vc_row_inner][vc_row_inner row_type=\u00a0\u00bbrow\u00a0\u00bb type=\u00a0\u00bbgrid\u00a0\u00bb text_align=\u00a0\u00bbleft\u00a0\u00bb css_animation=\u00a0\u00bb\u00a0\u00bb][vc_column_inner width=\u00a0\u00bb2\/3&Prime;][vc_column_text]Chez Smile Creations, les docteurs Stephanie Wiseman et Marvin Steinberg offrent des traitements orthodontiques complets pour les patients de tous \u00e2ges. Que vous soyez un enfant, un adolescent ou un adulte, nos orthodontistes experts vous offrent un large \u00e9ventail de solutions pour vous donner le sourire dont vous r\u00eavez.<\/p>\n<p>Nous offrons toutes les options de traitement, y compris les broches m\u00e9talliques traditionnelles, les appareils en c\u00e9ramique transparents et Invisalign\u00ae, pour vous aider \u00e0 obtenir le sourire dont vous avez toujours r\u00eav\u00e9. En privil\u00e9giant les traitements les plus r\u00e9cents et fond\u00e9s sur des preuves scientifiques, les technologies de pointe et une prise en charge personnalis\u00e9e, nous avons pour objectif de d\u00e9passer vos attentes et de vous offrir des r\u00e9sultats exceptionnels.<\/p>\n<p>Pour toute question concernant Smile Creations, n&rsquo;h\u00e9sitez pas \u00e0 contacter notre cabinet d&rsquo;orthodontie. Nous serons ravis de vous accueillir bient\u00f4t\u00a0![\/vc_column_text][vc_empty_space]<a  itemprop=\"url\" href=\"\/fr\/traitements\" target=\"_self\"  class=\"qbutton  medium enlarge  qode-button-shadow\" style=\"\">En savoir plus sur nos traitements<\/a>[vc_empty_space][\/vc_column_inner][vc_column_inner width=\u00a0\u00bb1\/3&Prime;][qode_content_slider enable_drag=\u00a0\u00bbno\u00a0\u00bb direction_nav=\u00a0\u00bbno\u00a0\u00bb control_nav=\u00a0\u00bbno\u00a0\u00bb control_nav_justify=\u00a0\u00bbno\u00a0\u00bb pause_on_hover=\u00a0\u00bbno\u00a0\u00bb][qode_content_slider_item][vc_single_image image=\u00a0\u00bb10159&Prime; img_size=\u00a0\u00bb250&#215;250&Prime; alignment=\u00a0\u00bbcenter\u00a0\u00bb style=\u00a0\u00bbvc_box_circle_2&Prime; qode_css_animation=\u00a0\u00bb\u00a0\u00bb][vc_column_text]<\/p>\n<p style=\"text-align: center;\">Invisalign\u00ae appareils dentaires \u00ab\u00a0invisibles\u00a0\u00bb<\/p>\n<p>[\/vc_column_text][\/qode_content_slider_item][qode_content_slider_item][vc_single_image image=\u00a0\u00bb10704&Prime; img_size=\u00a0\u00bb250&#215;250&Prime; alignment=\u00a0\u00bbcenter\u00a0\u00bb style=\u00a0\u00bbvc_box_circle_2&Prime; qode_css_animation=\u00a0\u00bb\u00a0\u00bb][vc_column_text]<\/p>\n<p style=\"text-align: center;\">Invisalign\u00ae Teen<\/p>\n<p>[\/vc_column_text][\/qode_content_slider_item][qode_content_slider_item][vc_single_image image=\u00a0\u00bb10169&Prime; img_size=\u00a0\u00bb250&#215;250&Prime; alignment=\u00a0\u00bbcenter\u00a0\u00bb style=\u00a0\u00bbvc_box_circle_2&Prime; qode_css_animation=\u00a0\u00bb\u00a0\u00bb][vc_column_text]<\/p>\n<p style=\"text-align: center;\">Appareils dentaires en c\u00e9ramique transparente<\/p>\n<p>[\/vc_column_text][\/qode_content_slider_item][\/qode_content_slider][\/vc_column_inner][\/vc_row_inner][\/vc_column][\/vc_row][vc_row css_animation=\u00a0\u00bb\u00a0\u00bb row_type=\u00a0\u00bbrow\u00a0\u00bb use_row_as_full_screen_section=\u00a0\u00bbno\u00a0\u00bb type=\u00a0\u00bbfull_width\u00a0\u00bb angled_section=\u00a0\u00bbyes\u00a0\u00bb angled_section_position=\u00a0\u00bbtop\u00a0\u00bb angled_section_direction=\u00a0\u00bbfrom_right_to_left\u00a0\u00bb text_align=\u00a0\u00bbleft\u00a0\u00bb background_image_as_pattern=\u00a0\u00bbwithout_pattern\u00a0\u00bb z_index=\u00a0\u00bb\u00a0\u00bb css=\u00a0\u00bb.vc_custom_1688342488969{padding-top: 150px !important;padding-bottom: 150px !important;}\u00a0\u00bb background_color=\u00a0\u00bb#263047&Prime;][vc_column][vc_row_inner row_type=\u00a0\u00bbrow\u00a0\u00bb type=\u00a0\u00bbgrid\u00a0\u00bb text_align=\u00a0\u00bbleft\u00a0\u00bb css_animation=\u00a0\u00bb\u00a0\u00bb][vc_column_inner width=\u00a0\u00bb1\/3&Prime;][vc_column_text el_class=\u00a0\u00bbdav-title\u00a0\u00bb]Nos<br \/>\northodontistes[\/vc_column_text][vc_column_text el_class=\u00a0\u00bbc-white\u00a0\u00bb]Apprenez \u00e0 conna\u00eetre nos orthodontistes comp\u00e9tents et amicaux qui sont d\u00e9vou\u00e9s \u00e0 cr\u00e9er de magnifiques sourires.[\/vc_column_text][vc_empty_space][\/vc_column_inner][vc_column_inner el_class=\u00a0\u00bbteam-listing-white\u00a0\u00bb width=\u00a0\u00bb2\/3&Prime;][vc_column_text]\n\n\n<div id=\"wpv-view-layout-135\" class=\"js-wpv-view-layout js-wpv-layout-responsive js-wpv-view-layout-135\" data-viewnumber=\"135\" data-pagination=\"{&quot;id&quot;:135,&quot;query&quot;:&quot;normal&quot;,&quot;type&quot;:&quot;disabled&quot;,&quot;effect&quot;:&quot;fade&quot;,&quot;duration&quot;:500,&quot;speed&quot;:5,&quot;pause_on_hover&quot;:&quot;disabled&quot;,&quot;stop_rollover&quot;:&quot;false&quot;,&quot;cache_pages&quot;:&quot;enabled&quot;,&quot;preload_images&quot;:&quot;enabled&quot;,&quot;preload_pages&quot;:&quot;enabled&quot;,&quot;preload_reach&quot;:1,&quot;spinner&quot;:&quot;builtin&quot;,&quot;spinner_image&quot;:&quot;https:\/\/smilecreations.ca\/wp-content\/plugins\/wp-views\/embedded\/res\/img\/ajax-loader.gif&quot;,&quot;callback_next&quot;:&quot;&quot;,&quot;manage_history&quot;:&quot;disabled&quot;,&quot;has_controls_in_form&quot;:&quot;disabled&quot;,&quot;infinite_tolerance&quot;:&quot;0&quot;,&quot;max_pages&quot;:0,&quot;page&quot;:1,&quot;base_permalink&quot;:&quot;\/fr\/wp-json\/wp\/v2\/pages\/26?wpv_view_count=135&amp;wpv_paged=WPV_PAGE_NUM&quot;,&quot;loop&quot;:{&quot;type&quot;:&quot;&quot;,&quot;name&quot;:&quot;&quot;,&quot;data&quot;:[],&quot;id&quot;:0}}\" data-permalink=\"\/fr\/wp-json\/wp\/v2\/pages\/26?wpv_view_count=135\">\n\n\t\n\t\n<div class=\"vc_row\">\n\t\t\n          <div class=\"vc_col-sm-6\">\n          \t<div class=\"team-member-listed p-10\" onclick=\"javascript:location.href='https:\/\/smilecreations.ca\/fr\/team-member\/stephanie-wismean\/';cursor:pointer;\">\n  \n\t<div class=\"wpb_single_image wpb_content_element vc_align_center\">\n\t\t<div class=\"wpb_wrapper\">\n\t\t\t<div class=\"vc_single_image-wrapper vc_box_shadow_border_circle vc_box_border_grey\">\n\t\t\t\t<img decoding=\"async\" src=\"https:\/\/smilecreations.ca\/wp-content\/uploads\/2025\/11\/IMG_6492-scaled-wpcf_200x200.jpeg\">\n\t\t\t<\/div>\n      \t<\/div>\n\t<\/div>\n  \n  \t<p class=\"text-center h2 m-0 p-0 m-t-15 in-white\">Dre. Stephanie Wismean<\/p>\n  <div class=\"team-box\">\n  \t<p class=\"text-center m-t-0 p-t-0 m-b-5 in-white small\">B.Sc., D.M.D., M.Sc,D., Cert. Ortho., F.R.C.D.(C)<\/p>\n    <p class=\"text-center m-t-0 p-t-0 m-b-10 in-white\">Orthodontiste<\/p>\n    <p class=\"text-center m-t-0 p-t-0 m-b-15 in-white\"><i>Propri\u00e9taire de la clinique<\/i><\/p>\n  <\/div>\n\t<p class=\"text-center\"><a itemprop=\"url\" href=\"https:\/\/smilecreations.ca\/fr\/team-member\/stephanie-wismean\/\" target=\"_self\" class=\"qbutton small default btn-view-team-member\" style=\"\" rel=\"noopener\">Voir profil<i class=\"qode_icon_font_awesome fa fa-arrow-right qode_button_icon_element\" style=\"\"><\/i><\/a><\/p>\n<\/div>\n          <\/div>\n\t\t\n          <div class=\"vc_col-sm-6\">\n          \t<div class=\"team-member-listed p-10\" onclick=\"javascript:location.href='https:\/\/smilecreations.ca\/fr\/team-member\/marvin-steinberg\/';cursor:pointer;\">\n  \n\t<div class=\"wpb_single_image wpb_content_element vc_align_center\">\n\t\t<div class=\"wpb_wrapper\">\n\t\t\t<div class=\"vc_single_image-wrapper vc_box_shadow_border_circle vc_box_border_grey\">\n\t\t\t\t<img decoding=\"async\" src=\"https:\/\/smilecreations.ca\/wp-content\/uploads\/2017\/10\/smilecreations-doctor-steinberg2-wpcf_200x200.jpg\">\n\t\t\t<\/div>\n      \t<\/div>\n\t<\/div>\n  \n  \t<p class=\"text-center h2 m-0 p-0 m-t-15 in-white\">Dr. Marvin Steinberg<\/p>\n  <div class=\"team-box\">\n  \t<p class=\"text-center m-t-0 p-t-0 m-b-5 in-white small\">B.Sc., D.D.S., M.Sc.D., Cert. Ortho., F.R.C.D.(C), F.A.C.D., F.I.C.D., F.A.D.I<\/p>\n    <p class=\"text-center m-t-0 p-t-0 m-b-10 in-white\">Dipl\u00f4m\u00e9 du American Board of Orthodontics<\/p>\n    <p class=\"text-center m-t-0 p-t-0 m-b-15 in-white\"><i>Orthodontiste<\/i><\/p>\n  <\/div>\n\t<p class=\"text-center\"><a itemprop=\"url\" href=\"https:\/\/smilecreations.ca\/fr\/team-member\/marvin-steinberg\/\" target=\"_self\" class=\"qbutton small default btn-view-team-member\" style=\"\" rel=\"noopener\">Voir profil<i class=\"qode_icon_font_awesome fa fa-arrow-right qode_button_icon_element\" style=\"\"><\/i><\/a><\/p>\n<\/div>\n          <\/div>\n\t\t\n<\/div>\n\t\n\t\n\t\n<\/div>\n[\/vc_column_text][\/vc_column_inner][\/vc_row_inner][\/vc_column][\/vc_row]<\/p>\n<\/div>","protected":false},"excerpt":{"rendered":"Bienvenue Chez Smile Creations, les docteurs Stephanie Wiseman et Marvin Steinberg offrent des traitements orthodontiques complets pour les patients de tous \u00e2ges. Que vous soyez un enfant, un adolescent ou un adulte, nos orthodontistes experts vous offrent un large \u00e9ventail de solutions pour vous donner...","protected":false},"author":1,"featured_media":10857,"parent":0,"menu_order":0,"comment_status":"closed","ping_status":"closed","template":"full_width.php","meta":{"footnotes":""},"class_list":["post-26","page","type-page","status-publish","has-post-thumbnail","hentry"],"_links":{"self":[{"href":"https:\/\/smilecreations.ca\/fr\/wp-json\/wp\/v2\/pages\/26","targetHints":{"allow":["GET"]}}],"collection":[{"href":"https:\/\/smilecreations.ca\/fr\/wp-json\/wp\/v2\/pages"}],"about":[{"href":"https:\/\/smilecreations.ca\/fr\/wp-json\/wp\/v2\/types\/page"}],"author":[{"embeddable":true,"href":"https:\/\/smilecreations.ca\/fr\/wp-json\/wp\/v2\/users\/1"}],"replies":[{"embeddable":true,"href":"https:\/\/smilecreations.ca\/fr\/wp-json\/wp\/v2\/comments?post=26"}],"version-history":[{"count":35,"href":"https:\/\/smilecreations.ca\/fr\/wp-json\/wp\/v2\/pages\/26\/revisions"}],"predecessor-version":[{"id":11473,"href":"https:\/\/smilecreations.ca\/fr\/wp-json\/wp\/v2\/pages\/26\/revisions\/11473"}],"wp:featuredmedia":[{"embeddable":true,"href":"https:\/\/smilecreations.ca\/fr\/wp-json\/wp\/v2\/media\/10857"}],"wp:attachment":[{"href":"https:\/\/smilecreations.ca\/fr\/wp-json\/wp\/v2\/media?parent=26"}],"curies":[{"name":"wp","href":"https:\/\/api.w.org\/{rel}","templated":true}]}}