{"id":184,"date":"2017-08-31T18:37:15","date_gmt":"2017-08-31T18:37:15","guid":{"rendered":"https:\/\/smilecreations.ca\/services\/"},"modified":"2023-07-14T10:16:05","modified_gmt":"2023-07-14T14:16:05","slug":"traitements","status":"publish","type":"page","link":"https:\/\/smilecreations.ca\/fr\/traitements\/","title":{"rendered":"Traitements"},"content":{"rendered":"<div class=\"wpb-content-wrapper\"><p>[vc_row css_animation=\u00a0\u00bb\u00a0\u00bb row_type=\u00a0\u00bbrow\u00a0\u00bb use_row_as_full_screen_section=\u00a0\u00bbno\u00a0\u00bb type=\u00a0\u00bbfull_width\u00a0\u00bb angled_section=\u00a0\u00bbno\u00a0\u00bb text_align=\u00a0\u00bbleft\u00a0\u00bb background_image_as_pattern=\u00a0\u00bbwithout_pattern\u00a0\u00bb css=\u00a0\u00bb.vc_custom_1688607342186{padding-top: 250px !important;padding-bottom: 100px !important;}\u00a0\u00bb z_index=\u00a0\u00bb\u00a0\u00bb background_color=\u00a0\u00bb#263047&Prime; background_image=\u00a0\u00bb10678&Prime;][vc_column][vc_row_inner row_type=\u00a0\u00bbrow\u00a0\u00bb type=\u00a0\u00bbgrid\u00a0\u00bb text_align=\u00a0\u00bbleft\u00a0\u00bb css_animation=\u00a0\u00bb\u00a0\u00bb][vc_column_inner width=\u00a0\u00bb1\/2&Prime;][vc_column_text el_class=\u00a0\u00bbdav-title\u00a0\u00bb]Soins orthodontiques<br \/>\npour toute la famille.[\/vc_column_text][vc_column_text el_class=\u00a0\u00bbc-white\u00a0\u00bb]Nous proposons des solutions orthodontiques personnalis\u00e9es con\u00e7ues pour r\u00e9pondre aux besoins uniques de chaque membre de la famille.[\/vc_column_text][\/vc_column_inner][vc_column_inner width=\u00a0\u00bb1\/2&Prime;][\/vc_column_inner][\/vc_row_inner][\/vc_column][\/vc_row][vc_row css_animation=\u00a0\u00bb\u00a0\u00bb row_type=\u00a0\u00bbrow\u00a0\u00bb use_row_as_full_screen_section=\u00a0\u00bbno\u00a0\u00bb type=\u00a0\u00bbfull_width\u00a0\u00bb angled_section=\u00a0\u00bbyes\u00a0\u00bb angled_section_position=\u00a0\u00bbtop\u00a0\u00bb angled_section_direction=\u00a0\u00bbfrom_right_to_left\u00a0\u00bb text_align=\u00a0\u00bbleft\u00a0\u00bb background_image_as_pattern=\u00a0\u00bbwithout_pattern\u00a0\u00bb css=\u00a0\u00bb.vc_custom_1688413396239{padding-top: 100px !important;padding-bottom: 100px !important;}\u00a0\u00bb z_index=\u00a0\u00bb\u00a0\u00bb][vc_column][vc_row_inner row_type=\u00a0\u00bbrow\u00a0\u00bb type=\u00a0\u00bbgrid\u00a0\u00bb text_align=\u00a0\u00bbleft\u00a0\u00bb css_animation=\u00a0\u00bb\u00a0\u00bb][vc_column_inner][vc_column_text el_class=\u00a0\u00bbdav-title\u00a0\u00bb]<span style=\"color: #48c6f2;\">Nous nous adaptons \u00e0 tous les \u00e2ges<\/span>[\/vc_column_text][vc_separator type=\u00a0\u00bbsmall\u00a0\u00bb position=\u00a0\u00bbleft\u00a0\u00bb width_in_percentages=\u00a0\u00bbyes\u00a0\u00bb color=\u00a0\u00bb#48c6f2&Prime; thickness=\u00a0\u00bb4&Prime; width=\u00a0\u00bb15&Prime; up=\u00a0\u00bb20&Prime; down=\u00a0\u00bb50&Prime;][vc_empty_space height=\u00a0\u00bb15px\u00a0\u00bb][\/vc_column_inner][\/vc_row_inner][vc_row_inner row_type=\u00a0\u00bbrow\u00a0\u00bb type=\u00a0\u00bbgrid\u00a0\u00bb text_align=\u00a0\u00bbleft\u00a0\u00bb css_animation=\u00a0\u00bb\u00a0\u00bb][vc_column_inner][vc_column_text]\n\n\n<div id=\"wpv-view-layout-10339-CATTR929dd999eaf6af8ebb0435f4f96e1d20\" class=\"js-wpv-view-layout js-wpv-layout-responsive js-wpv-view-layout-10339-CATTR929dd999eaf6af8ebb0435f4f96e1d20\" data-viewnumber=\"10339-CATTR929dd999eaf6af8ebb0435f4f96e1d20\" data-pagination=\"{&quot;id&quot;:10339,&quot;query&quot;:&quot;normal&quot;,&quot;type&quot;:&quot;disabled&quot;,&quot;effect&quot;:&quot;fade&quot;,&quot;duration&quot;:500,&quot;speed&quot;:5,&quot;pause_on_hover&quot;:&quot;disabled&quot;,&quot;stop_rollover&quot;:&quot;false&quot;,&quot;cache_pages&quot;:&quot;enabled&quot;,&quot;preload_images&quot;:&quot;enabled&quot;,&quot;preload_pages&quot;:&quot;enabled&quot;,&quot;preload_reach&quot;:1,&quot;spinner&quot;:&quot;builtin&quot;,&quot;spinner_image&quot;:&quot;https:\/\/smilecreations.ca\/wp-content\/plugins\/wp-views\/embedded\/res\/img\/ajax-loader.gif&quot;,&quot;callback_next&quot;:&quot;&quot;,&quot;manage_history&quot;:&quot;disabled&quot;,&quot;has_controls_in_form&quot;:&quot;disabled&quot;,&quot;infinite_tolerance&quot;:&quot;0&quot;,&quot;max_pages&quot;:0,&quot;page&quot;:1,&quot;base_permalink&quot;:&quot;\/fr\/wp-json\/wp\/v2\/pages\/184?wpv_view_count=10339-CATTR929dd999eaf6af8ebb0435f4f96e1d20&amp;wpv_paged=WPV_PAGE_NUM&quot;,&quot;loop&quot;:{&quot;type&quot;:&quot;&quot;,&quot;name&quot;:&quot;&quot;,&quot;data&quot;:[],&quot;id&quot;:0}}\" data-permalink=\"\/fr\/wp-json\/wp\/v2\/pages\/184?wpv_view_count=10339-CATTR929dd999eaf6af8ebb0435f4f96e1d20\">\n\n\t\n\t\n\t\t<div class=\"vc_row treatment-container \">\n\t\t\n          \t<div class=\"vc_col-md-4 byage\">\n              <div class=\"treatment-item\">\n              \t<h2 class=\"treatment-title\">Traitement pr\u00e9coce<\/h2>\n              \t<p class=\"treatment-intro\">Nous croyons en l'importance d'une \u00e9valuation pr\u00e9coce (entre 7 et 12 ans), ce qui nous permet d'identifier et de r\u00e9soudre les probl\u00e8mes potentiels d\u00e8s le d\u00e9but, am\u00e9liorant ainsi l'efficacit\u00e9 du traitement.<\/p>\n              \t<div class=\"treatment-cta\"><a itemprop=\"url\" href=\"https:\/\/smilecreations.ca\/fr\/service\/traitement-precoce\/\" class=\"qbutton default small\">Learn More<i class=\"qode_icon_font_awesome fa fa-arrow-circle-o-right qode_button_icon_element\" style=\"\"><\/i><\/a><\/div>\n              <\/div>\n            <\/div>\n          \n          \t<div class=\"vc_col-md-4 byage\">\n              <div class=\"treatment-item\">\n              \t<h2 class=\"treatment-title\">Traitement des adolescents<\/h2>\n              \t<p class=\"treatment-intro\">Les traitements orthodontiques pendant l'adolescence (\u00e2ge de 13 \u00e0 17 ans) permettent de cr\u00e9er \u00e0 la fois de beaux sourires et un alignement optimal de la morsure.<\/p>\n              \t<div class=\"treatment-cta\"><a itemprop=\"url\" href=\"https:\/\/smilecreations.ca\/fr\/service\/traitement-des-adolescents\/\" class=\"qbutton default small\">Learn More<i class=\"qode_icon_font_awesome fa fa-arrow-circle-o-right qode_button_icon_element\" style=\"\"><\/i><\/a><\/div>\n              <\/div>\n            <\/div>\n          \n          \t<div class=\"vc_col-md-4 byage\">\n              <div class=\"treatment-item\">\n              \t<h2 class=\"treatment-title\">Traitement des adultes<\/h2>\n              \t<p class=\"treatment-intro\">Nous proposons des traitements orthodontiques pour am\u00e9liorer la sant\u00e9 bucco-dentaire et l'esth\u00e9tique du sourire, quel que soit votre \u00e2ge.<\/p>\n              \t<div class=\"treatment-cta\"><a itemprop=\"url\" href=\"https:\/\/smilecreations.ca\/fr\/service\/traitement-des-adultes\/\" class=\"qbutton default small\">En savoir plus<i class=\"qode_icon_font_awesome fa fa-arrow-circle-o-right qode_button_icon_element\" style=\"\"><\/i><\/a><\/div>\n              <\/div>\n            <\/div>\n          <\/div><div class=\"vc_row treatment-container\">\n\t\t\n        <\/div>\n\t\n\t\n\t\n<\/div>\n[\/vc_column_text][\/vc_column_inner][\/vc_row_inner][\/vc_column][\/vc_row][vc_row css_animation=\u00a0\u00bb\u00a0\u00bb row_type=\u00a0\u00bbrow\u00a0\u00bb use_row_as_full_screen_section=\u00a0\u00bbno\u00a0\u00bb type=\u00a0\u00bbfull_width\u00a0\u00bb angled_section=\u00a0\u00bbyes\u00a0\u00bb angled_section_position=\u00a0\u00bbtop\u00a0\u00bb angled_section_direction=\u00a0\u00bbfrom_right_to_left\u00a0\u00bb text_align=\u00a0\u00bbleft\u00a0\u00bb background_image_as_pattern=\u00a0\u00bbwithout_pattern\u00a0\u00bb css=\u00a0\u00bb.vc_custom_1688413402483{padding-top: 100px !important;padding-bottom: 100px !important;}\u00a0\u00bb z_index=\u00a0\u00bb\u00a0\u00bb background_color=\u00a0\u00bb#ffffff\u00a0\u00bb][vc_column][vc_row_inner row_type=\u00a0\u00bbrow\u00a0\u00bb type=\u00a0\u00bbgrid\u00a0\u00bb text_align=\u00a0\u00bbleft\u00a0\u00bb css_animation=\u00a0\u00bb\u00a0\u00bb][vc_column_inner][vc_column_text el_class=\u00a0\u00bbdav-title c-primary\u00a0\u00bb]Une gamme compl\u00e8te d&rsquo;options de traitement[\/vc_column_text][vc_separator type=\u00a0\u00bbsmall\u00a0\u00bb position=\u00a0\u00bbleft\u00a0\u00bb width_in_percentages=\u00a0\u00bbyes\u00a0\u00bb color=\u00a0\u00bb#48c6f2&Prime; thickness=\u00a0\u00bb4&Prime; width=\u00a0\u00bb15&Prime; up=\u00a0\u00bb20&Prime; down=\u00a0\u00bb50&Prime;][vc_empty_space height=\u00a0\u00bb15px\u00a0\u00bb][\/vc_column_inner][\/vc_row_inner][vc_row_inner row_type=\u00a0\u00bbrow\u00a0\u00bb type=\u00a0\u00bbgrid\u00a0\u00bb text_align=\u00a0\u00bbleft\u00a0\u00bb css_animation=\u00a0\u00bb\u00a0\u00bb][vc_column_inner][vc_column_text]\n\n\n<div id=\"wpv-view-layout-10339-CATTRe4f26c7a75117646d4faa267aad2d493\" class=\"js-wpv-view-layout js-wpv-layout-responsive js-wpv-view-layout-10339-CATTRe4f26c7a75117646d4faa267aad2d493\" data-viewnumber=\"10339-CATTRe4f26c7a75117646d4faa267aad2d493\" data-pagination=\"{&quot;id&quot;:10339,&quot;query&quot;:&quot;normal&quot;,&quot;type&quot;:&quot;disabled&quot;,&quot;effect&quot;:&quot;fade&quot;,&quot;duration&quot;:500,&quot;speed&quot;:5,&quot;pause_on_hover&quot;:&quot;disabled&quot;,&quot;stop_rollover&quot;:&quot;false&quot;,&quot;cache_pages&quot;:&quot;enabled&quot;,&quot;preload_images&quot;:&quot;enabled&quot;,&quot;preload_pages&quot;:&quot;enabled&quot;,&quot;preload_reach&quot;:1,&quot;spinner&quot;:&quot;builtin&quot;,&quot;spinner_image&quot;:&quot;https:\/\/smilecreations.ca\/wp-content\/plugins\/wp-views\/embedded\/res\/img\/ajax-loader.gif&quot;,&quot;callback_next&quot;:&quot;&quot;,&quot;manage_history&quot;:&quot;disabled&quot;,&quot;has_controls_in_form&quot;:&quot;disabled&quot;,&quot;infinite_tolerance&quot;:&quot;0&quot;,&quot;max_pages&quot;:0,&quot;page&quot;:1,&quot;base_permalink&quot;:&quot;\/fr\/wp-json\/wp\/v2\/pages\/184?wpv_view_count=10339-CATTRe4f26c7a75117646d4faa267aad2d493&amp;wpv_paged=WPV_PAGE_NUM&quot;,&quot;loop&quot;:{&quot;type&quot;:&quot;&quot;,&quot;name&quot;:&quot;&quot;,&quot;data&quot;:[],&quot;id&quot;:0}}\" data-permalink=\"\/fr\/wp-json\/wp\/v2\/pages\/184?wpv_view_count=10339-CATTRe4f26c7a75117646d4faa267aad2d493\">\n\n\t\n\t\n\t\t<div class=\"vc_row treatment-container \">\n\t\t\n          \t<div class=\"vc_col-md-4 other\">\n              <div class=\"treatment-item\">\n              \t<h2 class=\"treatment-title\">Invisalign\u00ae<\/h2>\n              \t<p class=\"treatment-intro\">D\u00e9couvrez une approche r\u00e9volutionnaire du traitement orthodontique avec Invisalign\u00ae, offrant une solution discr\u00e8te, confortable et flexible pour des dents magnifiquement align\u00e9es.<\/p>\n              \t<div class=\"treatment-cta\"><a itemprop=\"url\" href=\"https:\/\/smilecreations.ca\/fr\/service\/invisalign\/\" class=\"qbutton default small\">En Savoir Plus<i class=\"qode_icon_font_awesome fa fa-arrow-circle-o-right qode_button_icon_element\" style=\"\"><\/i><\/a><\/div>\n              <\/div>\n            <\/div>\n          \n          \t<div class=\"vc_col-md-4 other\">\n              <div class=\"treatment-item\">\n              \t<h2 class=\"treatment-title\">Broches<\/h2>\n              \t<p class=\"treatment-intro\">Embarkez dans le parcours vers un magnifique sourire avec notre expertise. Apprenez-en davantage sur les raisons, le moment et la mani\u00e8re dont votre enfant pourrait avoir besoin de broches.<\/p>\n              \t<div class=\"treatment-cta\"><a itemprop=\"url\" href=\"https:\/\/smilecreations.ca\/fr\/service\/broches\/\" class=\"qbutton default small\">En savoir plus<i class=\"qode_icon_font_awesome fa fa-arrow-circle-o-right qode_button_icon_element\" style=\"\"><\/i><\/a><\/div>\n              <\/div>\n            <\/div>\n          \n          \t<div class=\"vc_col-md-4 other\">\n              <div class=\"treatment-item\">\n              \t<h2 class=\"treatment-title\">Correction esth\u00e9tique\/cosm\u00e9tique<\/h2>\n              \t<p class=\"treatment-intro\">Smile Creations propose une large gamme de traitements de correction esth\u00e9tique\/cosm\u00e9tique pour vous aider \u00e0 obtenir le sourire \u00e9clatant que vous m\u00e9ritez.<\/p>\n              \t<div class=\"treatment-cta\"><a itemprop=\"url\" href=\"https:\/\/smilecreations.ca\/fr\/service\/correction-esthetique-cosmetique\/\" class=\"qbutton default small\">En savoir plus<i class=\"qode_icon_font_awesome fa fa-arrow-circle-o-right qode_button_icon_element\" style=\"\"><\/i><\/a><\/div>\n              <\/div>\n            <\/div>\n          <\/div><div class=\"vc_row treatment-container\">\n\t\t\n          \t<div class=\"vc_col-md-4 other\">\n              <div class=\"treatment-item\">\n              \t<h2 class=\"treatment-title\">Correction de l'occlusion et de l'alignement<\/h2>\n              \t<p class=\"treatment-intro\">Nous accordons une importance significative \u00e0 la correction de l'occlusion et de l'alignement, car ils jouent un r\u00f4le crucial dans le maintien non seulement d'un beau sourire, mais aussi d'une sant\u00e9 bucco-dentaire globale.<\/p>\n              \t<div class=\"treatment-cta\"><a itemprop=\"url\" href=\"https:\/\/smilecreations.ca\/fr\/service\/correction-de-locclusion-et-de-lalignement\/\" class=\"qbutton default small\">En savoir plus<i class=\"qode_icon_font_awesome fa fa-arrow-circle-o-right qode_button_icon_element\" style=\"\"><\/i><\/a><\/div>\n              <\/div>\n            <\/div>\n          \n          \t<div class=\"vc_col-md-4 other\">\n              <div class=\"treatment-item\">\n              \t<h2 class=\"treatment-title\">Appareils de croissance pour la correction de la m\u00e2choire et broches<\/h2>\n              \t<p class=\"treatment-intro\">D\u00e9couvrez comment les appareils de croissance pour la correction de la m\u00e2choire et les broches peuvent b\u00e9n\u00e9ficier \u00e0 la sant\u00e9 dentaire, \u00e0 l'esth\u00e9tique et au bien-\u00eatre \u00e9motionnel de votre enfant, sous la supervision de nos orthodontistes experts chez Smile Creations.<\/p>\n              \t<div class=\"treatment-cta\"><a itemprop=\"url\" href=\"https:\/\/smilecreations.ca\/fr\/service\/appareils-de-croissance-pour-la-correction-de-la-machoire-et-broches\/\" class=\"qbutton default small\">En savoir plus<i class=\"qode_icon_font_awesome fa fa-arrow-circle-o-right qode_button_icon_element\" style=\"\"><\/i><\/a><\/div>\n              <\/div>\n            <\/div>\n          \n          \t<div class=\"vc_col-md-4 other\">\n              <div class=\"treatment-item\">\n              \t<h2 class=\"treatment-title\">Chirurgie de correction de la m\u00e2choire et broches<\/h2>\n              \t<p class=\"treatment-intro\">D\u00e9couvrez comment la combinaison de la chirurgie de correction de la m\u00e2choire et des broches peut offrir une solution efficace pour les probl\u00e8mes de m\u00e2choire plus complexes.<\/p>\n              \t<div class=\"treatment-cta\"><a itemprop=\"url\" href=\"https:\/\/smilecreations.ca\/fr\/service\/chirurgie-de-correction-de-la-machoire-et-broches\/\" class=\"qbutton default small\">En savoir plus<i class=\"qode_icon_font_awesome fa fa-arrow-circle-o-right qode_button_icon_element\" style=\"\"><\/i><\/a><\/div>\n              <\/div>\n            <\/div>\n          <\/div><div class=\"vc_row treatment-container\">\n\t\t\n        <\/div>\n\t\n\t\n\t\n<\/div>\n[\/vc_column_text][\/vc_column_inner][\/vc_row_inner][\/vc_column][\/vc_row]<\/p>\n<\/div>","protected":false},"excerpt":{"rendered":"<p>[vc_row css_animation=\u00a0\u00bb\u00a0\u00bb row_type=\u00a0\u00bbrow\u00a0\u00bb use_row_as_full_screen_section=\u00a0\u00bbno\u00a0\u00bb type=\u00a0\u00bbfull_width\u00a0\u00bb angled_section=\u00a0\u00bbno\u00a0\u00bb text_align=\u00a0\u00bbleft\u00a0\u00bb background_image_as_pattern=\u00a0\u00bbwithout_pattern\u00a0\u00bb css=\u00a0\u00bb.vc_custom_1688607342186{padding-top: 250px !important;padding-bottom: 100px !important;}\u00a0\u00bb z_index=\u00a0\u00bb\u00a0\u00bb background_color=\u00a0\u00bb#263047&Prime; background_image=\u00a0\u00bb10678&Prime;][vc_column][vc_row_inner row_type=\u00a0\u00bbrow\u00a0\u00bb type=\u00a0\u00bbgrid\u00a0\u00bb text_align=\u00a0\u00bbleft\u00a0\u00bb css_animation=\u00a0\u00bb\u00a0\u00bb][vc_column_inner width=\u00a0\u00bb1\/2&Prime;][vc_column_text el_class=\u00a0\u00bbdav-title\u00a0\u00bb]Soins orthodontiques pour toute la famille.[\/vc_column_text][vc_column_text el_class=\u00a0\u00bbc-white\u00a0\u00bb]Nous proposons des solutions orthodontiques personnalis\u00e9es con\u00e7ues pour r\u00e9pondre aux besoins uniques de chaque membre de la famille.[\/vc_column_text][\/vc_column_inner][vc_column_inner&#8230;<\/p>\n","protected":false},"author":1,"featured_media":0,"parent":0,"menu_order":0,"comment_status":"closed","ping_status":"closed","template":"full_width.php","meta":{"footnotes":""},"class_list":["post-184","page","type-page","status-publish","hentry"],"_links":{"self":[{"href":"https:\/\/smilecreations.ca\/fr\/wp-json\/wp\/v2\/pages\/184","targetHints":{"allow":["GET"]}}],"collection":[{"href":"https:\/\/smilecreations.ca\/fr\/wp-json\/wp\/v2\/pages"}],"about":[{"href":"https:\/\/smilecreations.ca\/fr\/wp-json\/wp\/v2\/types\/page"}],"author":[{"embeddable":true,"href":"https:\/\/smilecreations.ca\/fr\/wp-json\/wp\/v2\/users\/1"}],"replies":[{"embeddable":true,"href":"https:\/\/smilecreations.ca\/fr\/wp-json\/wp\/v2\/comments?post=184"}],"version-history":[{"count":7,"href":"https:\/\/smilecreations.ca\/fr\/wp-json\/wp\/v2\/pages\/184\/revisions"}],"predecessor-version":[{"id":10786,"href":"https:\/\/smilecreations.ca\/fr\/wp-json\/wp\/v2\/pages\/184\/revisions\/10786"}],"wp:attachment":[{"href":"https:\/\/smilecreations.ca\/fr\/wp-json\/wp\/v2\/media?parent=184"}],"curies":[{"name":"wp","href":"https:\/\/api.w.org\/{rel}","templated":true}]}}