{"id":146,"date":"2017-08-31T16:13:50","date_gmt":"2017-08-31T16:13:50","guid":{"rendered":"https:\/\/smilecreations.ca\/equipe\/"},"modified":"2023-07-24T20:25:46","modified_gmt":"2023-07-25T00:25:46","slug":"equipe","status":"publish","type":"page","link":"https:\/\/smilecreations.ca\/fr\/equipe\/","title":{"rendered":"\u00c9quipe"},"content":{"rendered":"<div class=\"wpb-content-wrapper\"><p>[vc_row css_animation=\u00a0\u00bb\u00a0\u00bb row_type=\u00a0\u00bbrow\u00a0\u00bb use_row_as_full_screen_section=\u00a0\u00bbno\u00a0\u00bb type=\u00a0\u00bbfull_width\u00a0\u00bb angled_section=\u00a0\u00bbno\u00a0\u00bb text_align=\u00a0\u00bbleft\u00a0\u00bb background_image_as_pattern=\u00a0\u00bbwithout_pattern\u00a0\u00bb z_index=\u00a0\u00bb\u00a0\u00bb background_color=\u00a0\u00bb#263047&Prime; css=\u00a0\u00bb.vc_custom_1688598779441{padding-top: 250px !important;padding-bottom: 100px !important;}\u00a0\u00bb background_image=\u00a0\u00bb10550&Prime;][vc_column][vc_row_inner row_type=\u00a0\u00bbrow\u00a0\u00bb type=\u00a0\u00bbgrid\u00a0\u00bb text_align=\u00a0\u00bbleft\u00a0\u00bb css_animation=\u00a0\u00bb\u00a0\u00bb][vc_column_inner width=\u00a0\u00bb1\/2&Prime;][vc_column_text el_class=\u00a0\u00bbdav-title\u00a0\u00bb]Rencontrez l&rsquo;\u00e9quipe<br \/>\nderri\u00e8re les sourires[\/vc_column_text][vc_column_text el_class=\u00a0\u00bbc-white\u00a0\u00bb]Dans notre clinique, ce ne sont pas seulement les orthodontistes qui travaillent ; nous formons une \u00e9quipe d\u00e9vou\u00e9e, chacun contribuant aux soins et au traitement global de nos patients.<\/p>\n<p>Nous sommes ravis de vous informer qu&rsquo;en plus de l&rsquo;anglais, nous offrons \u00e9galement des services en <span style=\"color: #48c6f2;\"><strong>russe<\/strong><\/span>, <strong><span style=\"color: #48c6f2;\">mandarin<\/span><\/strong>, <strong><span style=\"color: #48c6f2;\">h\u00e9breu<\/span><\/strong>, <strong><span style=\"color: #48c6f2;\">tagalog<\/span><\/strong> et <strong><span style=\"color: #48c6f2;\">italien<\/span><\/strong>.[\/vc_column_text][\/vc_column_inner][vc_column_inner width=\u00a0\u00bb1\/2&Prime;][\/vc_column_inner][\/vc_row_inner][\/vc_column][\/vc_row][vc_row css_animation=\u00a0\u00bb\u00a0\u00bb row_type=\u00a0\u00bbrow\u00a0\u00bb use_row_as_full_screen_section=\u00a0\u00bbno\u00a0\u00bb type=\u00a0\u00bbgrid\u00a0\u00bb angled_section=\u00a0\u00bbyes\u00a0\u00bb angled_section_position=\u00a0\u00bbtop\u00a0\u00bb angled_section_direction=\u00a0\u00bbfrom_right_to_left\u00a0\u00bb text_align=\u00a0\u00bbleft\u00a0\u00bb background_image_as_pattern=\u00a0\u00bbwithout_pattern\u00a0\u00bb css=\u00a0\u00bb.vc_custom_1688504107748{padding-top: 50px !important;padding-bottom: 150px !important;}\u00a0\u00bb z_index=\u00a0\u00bb\u00a0\u00bb background_color=\u00a0\u00bb#ffffff\u00a0\u00bb][vc_column][vc_column_text]\n\n\n<div id=\"wpv-view-layout-135\" class=\"js-wpv-view-layout js-wpv-layout-responsive js-wpv-view-layout-135\" data-viewnumber=\"135\" data-pagination=\"{&quot;id&quot;:135,&quot;query&quot;:&quot;normal&quot;,&quot;type&quot;:&quot;disabled&quot;,&quot;effect&quot;:&quot;fade&quot;,&quot;duration&quot;:500,&quot;speed&quot;:5,&quot;pause_on_hover&quot;:&quot;disabled&quot;,&quot;stop_rollover&quot;:&quot;false&quot;,&quot;cache_pages&quot;:&quot;enabled&quot;,&quot;preload_images&quot;:&quot;enabled&quot;,&quot;preload_pages&quot;:&quot;enabled&quot;,&quot;preload_reach&quot;:1,&quot;spinner&quot;:&quot;builtin&quot;,&quot;spinner_image&quot;:&quot;https:\/\/smilecreations.ca\/wp-content\/plugins\/wp-views\/embedded\/res\/img\/ajax-loader.gif&quot;,&quot;callback_next&quot;:&quot;&quot;,&quot;manage_history&quot;:&quot;disabled&quot;,&quot;has_controls_in_form&quot;:&quot;disabled&quot;,&quot;infinite_tolerance&quot;:&quot;0&quot;,&quot;max_pages&quot;:0,&quot;page&quot;:1,&quot;base_permalink&quot;:&quot;\/fr\/wp-json\/wp\/v2\/pages\/146?wpv_view_count=135&amp;wpv_paged=WPV_PAGE_NUM&quot;,&quot;loop&quot;:{&quot;type&quot;:&quot;&quot;,&quot;name&quot;:&quot;&quot;,&quot;data&quot;:[],&quot;id&quot;:0}}\" data-permalink=\"\/fr\/wp-json\/wp\/v2\/pages\/146?wpv_view_count=135\">\n\n\t\n\t\n<div class=\"vc_row\">\n\t\t\n          <div class=\"vc_col-sm-6\">\n          \t<div class=\"team-member-listed p-10\" onclick=\"javascript:location.href='https:\/\/smilecreations.ca\/fr\/team-member\/stephanie-wismean\/';cursor:pointer;\">\n  \n\t<div class=\"wpb_single_image wpb_content_element vc_align_center\">\n\t\t<div class=\"wpb_wrapper\">\n\t\t\t<div class=\"vc_single_image-wrapper vc_box_shadow_border_circle vc_box_border_grey\">\n\t\t\t\t<img decoding=\"async\" src=\"https:\/\/smilecreations.ca\/wp-content\/uploads\/2025\/11\/IMG_6492-scaled-wpcf_200x200.jpeg\">\n\t\t\t<\/div>\n      \t<\/div>\n\t<\/div>\n  \n  \t<p class=\"text-center h2 m-0 p-0 m-t-15 in-white\">Dre. Stephanie Wismean<\/p>\n  <div class=\"team-box\">\n  \t<p class=\"text-center m-t-0 p-t-0 m-b-5 in-white small\">B.Sc., D.M.D., M.Sc,D., Cert. Ortho., F.R.C.D.(C)<\/p>\n    <p class=\"text-center m-t-0 p-t-0 m-b-10 in-white\">Orthodontiste<\/p>\n    <p class=\"text-center m-t-0 p-t-0 m-b-15 in-white\"><i>Propri\u00e9taire de la clinique<\/i><\/p>\n  <\/div>\n\t<p class=\"text-center\"><a itemprop=\"url\" href=\"https:\/\/smilecreations.ca\/fr\/team-member\/stephanie-wismean\/\" target=\"_self\" class=\"qbutton small default btn-view-team-member\" style=\"\" rel=\"noopener\">Voir profil<i class=\"qode_icon_font_awesome fa fa-arrow-right qode_button_icon_element\" style=\"\"><\/i><\/a><\/p>\n<\/div>\n          <\/div>\n\t\t\n          <div class=\"vc_col-sm-6\">\n          \t<div class=\"team-member-listed p-10\" onclick=\"javascript:location.href='https:\/\/smilecreations.ca\/fr\/team-member\/marvin-steinberg\/';cursor:pointer;\">\n  \n\t<div class=\"wpb_single_image wpb_content_element vc_align_center\">\n\t\t<div class=\"wpb_wrapper\">\n\t\t\t<div class=\"vc_single_image-wrapper vc_box_shadow_border_circle vc_box_border_grey\">\n\t\t\t\t<img decoding=\"async\" src=\"https:\/\/smilecreations.ca\/wp-content\/uploads\/2017\/10\/smilecreations-doctor-steinberg2-wpcf_200x200.jpg\">\n\t\t\t<\/div>\n      \t<\/div>\n\t<\/div>\n  \n  \t<p class=\"text-center h2 m-0 p-0 m-t-15 in-white\">Dr. Marvin Steinberg<\/p>\n  <div class=\"team-box\">\n  \t<p class=\"text-center m-t-0 p-t-0 m-b-5 in-white small\">B.Sc., D.D.S., M.Sc.D., Cert. Ortho., F.R.C.D.(C), F.A.C.D., F.I.C.D., F.A.D.I<\/p>\n    <p class=\"text-center m-t-0 p-t-0 m-b-10 in-white\">Dipl\u00f4m\u00e9 du American Board of Orthodontics<\/p>\n    <p class=\"text-center m-t-0 p-t-0 m-b-15 in-white\"><i>Orthodontiste<\/i><\/p>\n  <\/div>\n\t<p class=\"text-center\"><a itemprop=\"url\" href=\"https:\/\/smilecreations.ca\/fr\/team-member\/marvin-steinberg\/\" target=\"_self\" class=\"qbutton small default btn-view-team-member\" style=\"\" rel=\"noopener\">Voir profil<i class=\"qode_icon_font_awesome fa fa-arrow-right qode_button_icon_element\" style=\"\"><\/i><\/a><\/p>\n<\/div>\n          <\/div>\n\t\t\n<\/div>\n\t\n\t\n\t\n<\/div>\n[\/vc_column_text][\/vc_column][\/vc_row]<\/p>\n<\/div>","protected":false},"excerpt":{"rendered":"Rencontrez l'\u00e9quipe derri\u00e8re les sourires Dans notre clinique, ce ne sont pas seulement les orthodontistes qui travaillent ; nous formons une \u00e9quipe d\u00e9vou\u00e9e, chacun contribuant aux soins et au traitement global de nos patients. Nous sommes ravis de vous informer qu'en plus de l'anglais, nous...","protected":false},"author":1,"featured_media":0,"parent":0,"menu_order":0,"comment_status":"closed","ping_status":"closed","template":"full_width.php","meta":{"footnotes":""},"class_list":["post-146","page","type-page","status-publish","hentry"],"_links":{"self":[{"href":"https:\/\/smilecreations.ca\/fr\/wp-json\/wp\/v2\/pages\/146","targetHints":{"allow":["GET"]}}],"collection":[{"href":"https:\/\/smilecreations.ca\/fr\/wp-json\/wp\/v2\/pages"}],"about":[{"href":"https:\/\/smilecreations.ca\/fr\/wp-json\/wp\/v2\/types\/page"}],"author":[{"embeddable":true,"href":"https:\/\/smilecreations.ca\/fr\/wp-json\/wp\/v2\/users\/1"}],"replies":[{"embeddable":true,"href":"https:\/\/smilecreations.ca\/fr\/wp-json\/wp\/v2\/comments?post=146"}],"version-history":[{"count":10,"href":"https:\/\/smilecreations.ca\/fr\/wp-json\/wp\/v2\/pages\/146\/revisions"}],"predecessor-version":[{"id":10804,"href":"https:\/\/smilecreations.ca\/fr\/wp-json\/wp\/v2\/pages\/146\/revisions\/10804"}],"wp:attachment":[{"href":"https:\/\/smilecreations.ca\/fr\/wp-json\/wp\/v2\/media?parent=146"}],"curies":[{"name":"wp","href":"https:\/\/api.w.org\/{rel}","templated":true}]}}