{"id":121,"date":"2017-04-14T17:27:18","date_gmt":"2017-04-14T17:27:18","guid":{"rendered":"https:\/\/smilecreations.ca\/about\/"},"modified":"2023-07-24T20:57:47","modified_gmt":"2023-07-25T00:57:47","slug":"clinique","status":"publish","type":"page","link":"https:\/\/smilecreations.ca\/fr\/clinique\/","title":{"rendered":"Clinique"},"content":{"rendered":"<div class=\"wpb-content-wrapper\"><p>[vc_row css_animation=\u00a0\u00bb\u00a0\u00bb row_type=\u00a0\u00bbrow\u00a0\u00bb use_row_as_full_screen_section=\u00a0\u00bbno\u00a0\u00bb type=\u00a0\u00bbfull_width\u00a0\u00bb angled_section=\u00a0\u00bbno\u00a0\u00bb text_align=\u00a0\u00bbleft\u00a0\u00bb background_image_as_pattern=\u00a0\u00bbwithout_pattern\u00a0\u00bb z_index=\u00a0\u00bb\u00a0\u00bb background_color=\u00a0\u00bb#263047&Prime; css=\u00a0\u00bb.vc_custom_1690246666720{padding-top: 250px !important;padding-bottom: 150px !important;}\u00a0\u00bb background_image=\u00a0\u00bb10682&Prime;][vc_column][vc_row_inner row_type=\u00a0\u00bbrow\u00a0\u00bb type=\u00a0\u00bbgrid\u00a0\u00bb text_align=\u00a0\u00bbleft\u00a0\u00bb css_animation=\u00a0\u00bb\u00a0\u00bb][vc_column_inner width=\u00a0\u00bb1\/2&Prime;][vc_column_text el_class=\u00a0\u00bbdav-title\u00a0\u00bb]Bien plus que<br \/>\nredresser les dents[\/vc_column_text][vc_column_text el_class=\u00a0\u00bbc-white\u00a0\u00bb]Chez Smile Creations, nous faisons plus qu&rsquo;aligner les dents &#8211; nous contribuons \u00e0 augmenter la confiance et le bien-\u00eatre. En utilisant la technologie de pointe, nous proposons des solutions orthodontiques compl\u00e8tes tout en mettant l&rsquo;accent sur l&rsquo;\u00e9ducation du patient et la sant\u00e9 bucco-dentaire globale.[\/vc_column_text][\/vc_column_inner][vc_column_inner width=\u00a0\u00bb1\/2&Prime;][\/vc_column_inner][\/vc_row_inner][\/vc_column][\/vc_row][vc_row css_animation=\u00a0\u00bb\u00a0\u00bb row_type=\u00a0\u00bbrow\u00a0\u00bb use_row_as_full_screen_section=\u00a0\u00bbno\u00a0\u00bb type=\u00a0\u00bbfull_width\u00a0\u00bb angled_section=\u00a0\u00bbyes\u00a0\u00bb angled_section_position=\u00a0\u00bbtop\u00a0\u00bb angled_section_direction=\u00a0\u00bbfrom_right_to_left\u00a0\u00bb text_align=\u00a0\u00bbleft\u00a0\u00bb background_image_as_pattern=\u00a0\u00bbwithout_pattern\u00a0\u00bb css=\u00a0\u00bb.vc_custom_1688413974816{padding-top: 100px !important;padding-bottom: 100px !important;background-color: #ffffff !important;}\u00a0\u00bb z_index=\u00a0\u00bb\u00a0\u00bb background_color=\u00a0\u00bb#ffffff\u00a0\u00bb][vc_column][vc_row_inner row_type=\u00a0\u00bbrow\u00a0\u00bb type=\u00a0\u00bbgrid\u00a0\u00bb text_align=\u00a0\u00bbleft\u00a0\u00bb css_animation=\u00a0\u00bbelement_from_fade\u00a0\u00bb][vc_column_inner width=\u00a0\u00bb1\/3&Prime;][vc_column_text]<\/p>\n<h2 style=\"text-align: left;\">Traitements bas\u00e9s sur des preuves scientifiques.<\/h2>\n<p>[\/vc_column_text][vc_column_text]Chez Smile Creations, nous croyons aux traitements bas\u00e9s sur des preuves scientifiques. Nous suivons les donn\u00e9es cliniques pour identifier les meilleures options de traitement et les techniques disponibles. Nous nous effor\u00e7ons de rester \u00e0 jour en poursuivant une formation continue dans le domaine, plus que la plupart des autres orthodontistes. Nous comprenons que tous les orthodontistes ne sont pas les m\u00eames, chacun ayant diff\u00e9rentes techniques de traitement, styles de communication et philosophies de soins aux patients. C&rsquo;est pourquoi nous nous effor\u00e7ons de fournir \u00e0 nos patients des solutions orthodontiques les plus efficaces et les plus \u00e0 jour.[\/vc_column_text][vc_empty_space height=\u00a0\u00bb50px\u00a0\u00bb][\/vc_column_inner][vc_column_inner width=\u00a0\u00bb1\/3&Prime;][vc_column_text]<\/p>\n<h2 style=\"text-align: left;\">Technologie avanc\u00e9e.<\/h2>\n<p>[\/vc_column_text][vc_column_text]Dans notre engagement \u00e0 fournir des soins de pointe, nous utilisons les derni\u00e8res technologies de redressement des dents. Des radiographies num\u00e9riques \u00e0 faible dose et des panoramiques aux cam\u00e9ras num\u00e9riques et aux ordinateurs, nous utilisons des outils de pointe pour des traitements pr\u00e9cis et confortables. D\u00e9couvrez les derni\u00e8res avanc\u00e9es en mati\u00e8re de bagues dentaires esth\u00e9tiques, transparentes et autoligaturantes, ainsi que les aligneurs transparents Invisalign\u00ae et Invisalign\u00ae Teen, couramment appel\u00e9s \u00ab\u00a0broches invisibles\u00a0\u00bb.[\/vc_column_text][vc_empty_space height=\u00a0\u00bb50px\u00a0\u00bb][\/vc_column_inner][vc_column_inner width=\u00a0\u00bb1\/3&Prime;][vc_column_text]<\/p>\n<h2 style=\"text-align: left;\">\u00c9ducation des patients.<\/h2>\n<p>[\/vc_column_text][vc_column_text]Chez Smile Creations, l&rsquo;un de nos objectifs est de responsabiliser nos patients gr\u00e2ce \u00e0 la connaissance et \u00e0 l&rsquo;\u00e9ducation. Nous accordons une priorit\u00e9 \u00e0 fournir des informations compl\u00e8tes sur les avantages, les facteurs \u00e0 prendre en compte et les dur\u00e9es de traitement pour chaque option orthodontique. Notre \u00e9quipe d\u00e9vou\u00e9e fait tout son possible pour vous garantir que vous disposez de toutes les informations n\u00e9cessaires pour prendre des d\u00e9cisions \u00e9clair\u00e9es concernant votre sant\u00e9 bucco-dentaire. Faites-nous confiance pour vous guider vers les meilleures choix, adapt\u00e9s \u00e0 vos besoins et \u00e0 vos aspirations sp\u00e9cifiques.[\/vc_column_text][vc_empty_space height=\u00a0\u00bb50px\u00a0\u00bb][\/vc_column_inner][\/vc_row_inner][vc_row_inner row_type=\u00a0\u00bbrow\u00a0\u00bb type=\u00a0\u00bbgrid\u00a0\u00bb text_align=\u00a0\u00bbleft\u00a0\u00bb css_animation=\u00a0\u00bbelement_from_fade\u00a0\u00bb][vc_column_inner width=\u00a0\u00bb1\/2&Prime;][vc_column_text el_class=\u00a0\u00bbdav-title c-primary\u00a0\u00bb]<\/p>\n<p style=\"text-align: left;\">Choisissez<\/p>\n<p style=\"text-align: left;\">Smile Creations<\/p>\n<p>[\/vc_column_text][vc_column_text]Chez Smile Creations, nous sommes passionn\u00e9s par l&rsquo;aide que nous apportons \u00e0 nos patients pour obtenir le sourire dont ils ont toujours r\u00eav\u00e9. Gr\u00e2ce \u00e0 notre expertise, \u00e0 notre approche personnalis\u00e9e et \u00e0 notre technologie de pointe, nous offrons des soins orthodontiques adapt\u00e9s \u00e0 vos besoins uniques. Contactez-nous d\u00e8s aujourd&rsquo;hui pour planifier votre consultation et franchir la premi\u00e8re \u00e9tape vers un sourire plus sain et plus confiant.[\/vc_column_text][vc_empty_space height=\u00a0\u00bb50px\u00a0\u00bb][\/vc_column_inner][vc_column_inner width=\u00a0\u00bb1\/2&Prime;][vc_single_image image=\u00a0\u00bb10576&Prime; img_size=\u00a0\u00bb350&#215;350&Prime; alignment=\u00a0\u00bbcenter\u00a0\u00bb style=\u00a0\u00bbvc_box_circle_2&Prime; qode_css_animation=\u00a0\u00bb\u00a0\u00bb][vc_empty_space height=\u00a0\u00bb50px\u00a0\u00bb][\/vc_column_inner][\/vc_row_inner][\/vc_column][\/vc_row]<\/p>\n<\/div>","protected":false},"excerpt":{"rendered":"<p>[vc_row css_animation=\u00a0\u00bb\u00a0\u00bb row_type=\u00a0\u00bbrow\u00a0\u00bb use_row_as_full_screen_section=\u00a0\u00bbno\u00a0\u00bb type=\u00a0\u00bbfull_width\u00a0\u00bb angled_section=\u00a0\u00bbno\u00a0\u00bb text_align=\u00a0\u00bbleft\u00a0\u00bb background_image_as_pattern=\u00a0\u00bbwithout_pattern\u00a0\u00bb z_index=\u00a0\u00bb\u00a0\u00bb background_color=\u00a0\u00bb#263047&Prime; css=\u00a0\u00bb.vc_custom_1690246666720{padding-top: 250px !important;padding-bottom: 150px !important;}\u00a0\u00bb background_image=\u00a0\u00bb10682&Prime;][vc_column][vc_row_inner row_type=\u00a0\u00bbrow\u00a0\u00bb type=\u00a0\u00bbgrid\u00a0\u00bb text_align=\u00a0\u00bbleft\u00a0\u00bb css_animation=\u00a0\u00bb\u00a0\u00bb][vc_column_inner width=\u00a0\u00bb1\/2&Prime;][vc_column_text el_class=\u00a0\u00bbdav-title\u00a0\u00bb]Bien plus que redresser les dents[\/vc_column_text][vc_column_text el_class=\u00a0\u00bbc-white\u00a0\u00bb]Chez Smile Creations, nous faisons plus qu&rsquo;aligner les dents &#8211; nous contribuons \u00e0 augmenter la confiance et le&#8230;<\/p>\n","protected":false},"author":1,"featured_media":0,"parent":0,"menu_order":10,"comment_status":"closed","ping_status":"closed","template":"full_width.php","meta":{"footnotes":""},"class_list":["post-121","page","type-page","status-publish","hentry"],"_links":{"self":[{"href":"https:\/\/smilecreations.ca\/fr\/wp-json\/wp\/v2\/pages\/121","targetHints":{"allow":["GET"]}}],"collection":[{"href":"https:\/\/smilecreations.ca\/fr\/wp-json\/wp\/v2\/pages"}],"about":[{"href":"https:\/\/smilecreations.ca\/fr\/wp-json\/wp\/v2\/types\/page"}],"author":[{"embeddable":true,"href":"https:\/\/smilecreations.ca\/fr\/wp-json\/wp\/v2\/users\/1"}],"replies":[{"embeddable":true,"href":"https:\/\/smilecreations.ca\/fr\/wp-json\/wp\/v2\/comments?post=121"}],"version-history":[{"count":31,"href":"https:\/\/smilecreations.ca\/fr\/wp-json\/wp\/v2\/pages\/121\/revisions"}],"predecessor-version":[{"id":10820,"href":"https:\/\/smilecreations.ca\/fr\/wp-json\/wp\/v2\/pages\/121\/revisions\/10820"}],"wp:attachment":[{"href":"https:\/\/smilecreations.ca\/fr\/wp-json\/wp\/v2\/media?parent=121"}],"curies":[{"name":"wp","href":"https:\/\/api.w.org\/{rel}","templated":true}]}}