{"id":117,"date":"2017-04-14T17:28:43","date_gmt":"2017-04-14T17:28:43","guid":{"rendered":"https:\/\/smilecreations.ca\/contact\/"},"modified":"2023-09-26T10:10:49","modified_gmt":"2023-09-26T14:10:49","slug":"contact","status":"publish","type":"page","link":"https:\/\/smilecreations.ca\/fr\/contact\/","title":{"rendered":"Contact"},"content":{"rendered":"<div class=\"wpb-content-wrapper\"><p>[vc_row css_animation=\u00a0\u00bb\u00a0\u00bb row_type=\u00a0\u00bbrow\u00a0\u00bb use_row_as_full_screen_section=\u00a0\u00bbno\u00a0\u00bb type=\u00a0\u00bbfull_width\u00a0\u00bb angled_section=\u00a0\u00bbno\u00a0\u00bb text_align=\u00a0\u00bbleft\u00a0\u00bb background_image_as_pattern=\u00a0\u00bbwithout_pattern\u00a0\u00bb z_index=\u00a0\u00bb\u00a0\u00bb background_color=\u00a0\u00bb#263047&Prime; css=\u00a0\u00bb.vc_custom_1688699234730{padding-top: 250px !important;padding-bottom: 100px !important;}\u00a0\u00bb background_image=\u00a0\u00bb10682&Prime;][vc_column][vc_row_inner row_type=\u00a0\u00bbrow\u00a0\u00bb type=\u00a0\u00bbgrid\u00a0\u00bb text_align=\u00a0\u00bbleft\u00a0\u00bb css_animation=\u00a0\u00bb\u00a0\u00bb][vc_column_inner width=\u00a0\u00bb2\/3&Prime;][vc_column_text el_class=\u00a0\u00bbdav-title\u00a0\u00bb]Commencez votre parcours<br \/>\nvers un beau sourire.[\/vc_column_text][vc_column_text el_class=\u00a0\u00bbc-white\u00a0\u00bb]Appelez-nous ou envoyez-nous un message en utilisant le formulaire ci-dessous pour prendre rendez-vous ![\/vc_column_text][\/vc_column_inner][vc_column_inner width=\u00a0\u00bb1\/3&Prime;][\/vc_column_inner][\/vc_row_inner][\/vc_column][\/vc_row][vc_row css_animation=\u00a0\u00bb\u00a0\u00bb row_type=\u00a0\u00bbrow\u00a0\u00bb use_row_as_full_screen_section=\u00a0\u00bbno\u00a0\u00bb type=\u00a0\u00bbgrid\u00a0\u00bb angled_section=\u00a0\u00bbyes\u00a0\u00bb angled_section_position=\u00a0\u00bbtop\u00a0\u00bb angled_section_direction=\u00a0\u00bbfrom_right_to_left\u00a0\u00bb text_align=\u00a0\u00bbleft\u00a0\u00bb background_image_as_pattern=\u00a0\u00bbwithout_pattern\u00a0\u00bb css=\u00a0\u00bb.vc_custom_1688697562379{padding-top: 150px !important;padding-bottom: 100px !important;background-color: #ffffff !important;}\u00a0\u00bb z_index=\u00a0\u00bb\u00a0\u00bb background_color=\u00a0\u00bb#ffffff\u00a0\u00bb][vc_column width=\u00a0\u00bb1\/3&Prime;]<span data-type=\"normal\"  class=\"qode_icon_shortcode  q_font_awsome_icon fa-3x pull-center \" style=\" \"><i class=\"qode_icon_font_awesome fa fa-map qode_icon_element\" style=\"\" ><\/i><\/span>[vc_empty_space height=\u00a0\u00bb15px\u00a0\u00bb][vc_column_text]\n\n\n<div id=\"wpv-view-layout-84\" class=\"js-wpv-view-layout js-wpv-layout-responsive js-wpv-view-layout-84\" data-viewnumber=\"84\" data-pagination=\"{&quot;id&quot;:84,&quot;query&quot;:&quot;normal&quot;,&quot;type&quot;:&quot;disabled&quot;,&quot;effect&quot;:&quot;fade&quot;,&quot;duration&quot;:500,&quot;speed&quot;:5,&quot;pause_on_hover&quot;:&quot;disabled&quot;,&quot;stop_rollover&quot;:&quot;false&quot;,&quot;cache_pages&quot;:&quot;enabled&quot;,&quot;preload_images&quot;:&quot;enabled&quot;,&quot;preload_pages&quot;:&quot;enabled&quot;,&quot;preload_reach&quot;:1,&quot;spinner&quot;:&quot;builtin&quot;,&quot;spinner_image&quot;:&quot;https:\/\/smilecreations.ca\/wp-content\/plugins\/wp-views\/embedded\/res\/img\/ajax-loader.gif&quot;,&quot;callback_next&quot;:&quot;&quot;,&quot;manage_history&quot;:&quot;disabled&quot;,&quot;has_controls_in_form&quot;:&quot;disabled&quot;,&quot;infinite_tolerance&quot;:&quot;0&quot;,&quot;max_pages&quot;:1,&quot;page&quot;:1,&quot;base_permalink&quot;:&quot;\/fr\/wp-json\/wp\/v2\/pages\/117?wpv_view_count=84&amp;wpv_paged=WPV_PAGE_NUM&quot;,&quot;loop&quot;:{&quot;type&quot;:&quot;&quot;,&quot;name&quot;:&quot;&quot;,&quot;data&quot;:[],&quot;id&quot;:0}}\" data-permalink=\"\/fr\/wp-json\/wp\/v2\/pages\/117?wpv_view_count=84\">\n\n\t\n\t\n\t\t\n<div class=\"location-contact-address\">\n  5800 boul Cavendish, Suite 408<br\/>Cote Saint-Luc, QC<br\/>H4W 2T5\n<\/div>\n  \n\t\n\t\n\t\n<\/div>\n[\/vc_column_text][vc_empty_space height=\u00a0\u00bb15px\u00a0\u00bb][\/vc_column][vc_column width=\u00a0\u00bb1\/3&Prime;]<span data-type=\"normal\"  class=\"qode_icon_shortcode  q_font_awsome_icon fa-3x pull-center \" style=\" \"><i class=\"qode_icon_font_awesome fa fa-phone-square qode_icon_element\" style=\"\" ><\/i><\/span>[vc_empty_space height=\u00a0\u00bb15px\u00a0\u00bb][vc_column_text]\n\n\n<div id=\"wpv-view-layout-90\" class=\"js-wpv-view-layout js-wpv-layout-responsive js-wpv-view-layout-90\" data-viewnumber=\"90\" data-pagination=\"{&quot;id&quot;:90,&quot;query&quot;:&quot;normal&quot;,&quot;type&quot;:&quot;disabled&quot;,&quot;effect&quot;:&quot;fade&quot;,&quot;duration&quot;:500,&quot;speed&quot;:5,&quot;pause_on_hover&quot;:&quot;disabled&quot;,&quot;stop_rollover&quot;:&quot;false&quot;,&quot;cache_pages&quot;:&quot;enabled&quot;,&quot;preload_images&quot;:&quot;enabled&quot;,&quot;preload_pages&quot;:&quot;enabled&quot;,&quot;preload_reach&quot;:1,&quot;spinner&quot;:&quot;builtin&quot;,&quot;spinner_image&quot;:&quot;https:\/\/smilecreations.ca\/wp-content\/plugins\/wp-views\/embedded\/res\/img\/ajax-loader.gif&quot;,&quot;callback_next&quot;:&quot;&quot;,&quot;manage_history&quot;:&quot;disabled&quot;,&quot;has_controls_in_form&quot;:&quot;disabled&quot;,&quot;infinite_tolerance&quot;:&quot;0&quot;,&quot;max_pages&quot;:1,&quot;page&quot;:1,&quot;base_permalink&quot;:&quot;\/fr\/wp-json\/wp\/v2\/pages\/117?wpv_view_count=90&amp;wpv_paged=WPV_PAGE_NUM&quot;,&quot;loop&quot;:{&quot;type&quot;:&quot;&quot;,&quot;name&quot;:&quot;&quot;,&quot;data&quot;:[],&quot;id&quot;:0}}\" data-permalink=\"\/fr\/wp-json\/wp\/v2\/pages\/117?wpv_view_count=90\">\n\n\t\n\t\n\t\t\n          <div class=\"location-contact-phone\">\nT\u00e9l: <a class=\"p-tel\" href=\"tel:(514) 489-6801\">(514) 489-6801<\/a><br\/> \n\n\n\n\n\n\n  \n          <\/div>\n          <div class=\"text-center\"><a href=\"mailto:info@smilecreations.ca\">info@smilecreations.ca<\/a> <\/div>\n  \n\t\n\t\n\t\n<\/div>\n[\/vc_column_text][vc_empty_space height=\u00a0\u00bb15px\u00a0\u00bb][\/vc_column][vc_column width=\u00a0\u00bb1\/3&Prime;]<span data-type=\"normal\"  class=\"qode_icon_shortcode  q_font_awsome_icon fa-3x pull-center \" style=\" \"><i class=\"qode_icon_font_awesome fa fa-clock-o qode_icon_element\" style=\"\" ><\/i><\/span>[vc_empty_space height=\u00a0\u00bb15px\u00a0\u00bb][vc_column_text]<div id=\"wpv-view-layout-94\" class=\"js-wpv-view-layout js-wpv-layout-responsive js-wpv-view-layout-94\" data-viewnumber=\"94\" data-pagination=\"{&quot;id&quot;:94,&quot;query&quot;:&quot;normal&quot;,&quot;type&quot;:&quot;disabled&quot;,&quot;effect&quot;:&quot;fade&quot;,&quot;duration&quot;:500,&quot;speed&quot;:5,&quot;pause_on_hover&quot;:&quot;disabled&quot;,&quot;stop_rollover&quot;:&quot;false&quot;,&quot;cache_pages&quot;:&quot;enabled&quot;,&quot;preload_images&quot;:&quot;enabled&quot;,&quot;preload_pages&quot;:&quot;enabled&quot;,&quot;preload_reach&quot;:1,&quot;spinner&quot;:&quot;builtin&quot;,&quot;spinner_image&quot;:&quot;https:\/\/smilecreations.ca\/wp-content\/plugins\/wp-views\/embedded\/res\/img\/ajax-loader.gif&quot;,&quot;callback_next&quot;:&quot;&quot;,&quot;manage_history&quot;:&quot;disabled&quot;,&quot;has_controls_in_form&quot;:&quot;disabled&quot;,&quot;infinite_tolerance&quot;:&quot;0&quot;,&quot;max_pages&quot;:0,&quot;page&quot;:1,&quot;base_permalink&quot;:&quot;\/fr\/wp-json\/wp\/v2\/pages\/117?wpv_view_count=94&amp;wpv_paged=WPV_PAGE_NUM&quot;,&quot;loop&quot;:{&quot;type&quot;:&quot;&quot;,&quot;name&quot;:&quot;&quot;,&quot;data&quot;:[],&quot;id&quot;:0}}\" data-permalink=\"\/fr\/wp-json\/wp\/v2\/pages\/117?wpv_view_count=94\">\n\n\t\n\t\n<table class=\"location-hours\"><tr><td class=\"text-left\">Lundi<\/td><td class=\"text-right\">8h30 \u2013 17h<\/td><tr><td class=\"text-left\">Mardi<\/td><td class=\"text-right\">8h30 \u2013 17h<\/td><tr><td class=\"text-left\">Mercredi<\/td><td class=\"text-right\">Ferm\u00e9<\/td><tr><td class=\"text-left\">Jeudi<\/td><td class=\"text-right\">8h30 \u2013 17h<\/td><tr><td class=\"text-left\">Vendredi<\/td><td class=\"text-right\">8h30 \u2013 17h<\/td><tr><td class=\"text-left\">Samedi<\/td><td class=\"text-right\">Ferm\u00e9<\/td><tr><td class=\"text-left\">Dimanche<\/td><td class=\"text-right\">Ferm\u00e9<\/td><\/table>\n\t\n\t\n\t\n<\/div>\n[\/vc_column_text][vc_empty_space height=\u00a0\u00bb15px\u00a0\u00bb][\/vc_column][\/vc_row][vc_row css_animation=\u00a0\u00bb\u00a0\u00bb row_type=\u00a0\u00bbrow\u00a0\u00bb use_row_as_full_screen_section=\u00a0\u00bbno\u00a0\u00bb type=\u00a0\u00bbgrid\u00a0\u00bb angled_section=\u00a0\u00bbno\u00a0\u00bb text_align=\u00a0\u00bbleft\u00a0\u00bb background_image_as_pattern=\u00a0\u00bbwithout_pattern\u00a0\u00bb z_index=\u00a0\u00bb\u00a0\u00bb css=\u00a0\u00bb.vc_custom_1688398830048{padding-top: 100px !important;padding-bottom: 100px !important;}\u00a0\u00bb][vc_column css_animation=\u00a0\u00bbnone\u00a0\u00bb width=\u00a0\u00bb1\/2&Prime;][vc_gmaps link=\u00a0\u00bb#E-8_JTNDaWZyYW1lJTIwc3JjJTNEJTIyaHR0cHMlM0ElMkYlMkZ3d3cuZ29vZ2xlLmNvbSUyRm1hcHMlMkZlbWJlZCUzRnBiJTNEJTIxMW0xNCUyMTFtOCUyMTFtMyUyMTFkNTU5NS40MDA5ODI3MDk1NDQlMjEyZC03My42NjYyOTUlMjEzZDQ1LjQ3NTgzNyUyMTNtMiUyMTFpMTAyNCUyMTJpNzY4JTIxNGYxMy4xJTIxM20zJTIxMW0yJTIxMXMweDRjYzkxNzczYzE1NTU1NTUlMjUzQTB4OGQzNzEwMGFjOGNjNTI3NyUyMTJzNTgwMCUyNTIwQ2F2ZW5kaXNoJTI1MjBCbHZkJTI1MjAlMjUyMzQwOCUyNTJDJTI1MjBDJTI1QzMlMjVCNHRlJTI1MjBTYWludC1MdWMlMjUyQyUyNTIwUUMlMjUyMEg0VyUyNTIwMlQ1JTIxNWUwJTIxM20yJTIxMXNlbiUyMTJzY2ElMjE0djE2OTU3MzczNzY1NDclMjE1bTIlMjExc2VuJTIxMnNjYSUyMiUyMHdpZHRoJTNEJTIyNjAwJTIyJTIwaGVpZ2h0JTNEJTIyNDUwJTIyJTIwc3R5bGUlM0QlMjJib3JkZXIlM0EwJTNCJTIyJTIwYWxsb3dmdWxsc2NyZWVuJTNEJTIyJTIyJTIwbG9hZGluZyUzRCUyMmxhenklMjIlMjByZWZlcnJlcnBvbGljeSUzRCUyMm5vLXJlZmVycmVyLXdoZW4tZG93bmdyYWRlJTIyJTNFJTNDJTJGaWZyYW1lJTNF\u00a0\u00bb size=\u00a0\u00bb480&Prime;][\/vc_column][vc_column css_animation=\u00a0\u00bbnone\u00a0\u00bb width=\u00a0\u00bb1\/2&Prime;][vc_column_text el_class=\u00a0\u00bbc-white\u00a0\u00bb]<\/p>\n<h2>Envoyez-nous un message<\/h2>\n<p>[\/vc_column_text][vc_empty_space height=\u00a0\u00bb15px\u00a0\u00bb][vc_column_text]\n<div class=\"wpcf7 no-js\" id=\"wpcf7-f33-o1\" lang=\"en-US\" dir=\"ltr\" data-wpcf7-id=\"33\">\n<div class=\"screen-reader-response\"><p role=\"status\" aria-live=\"polite\" aria-atomic=\"true\"><\/p> <ul><\/ul><\/div>\n<form action=\"\/fr\/wp-json\/wp\/v2\/pages\/117#wpcf7-f33-o1\" method=\"post\" class=\"wpcf7-form init\" aria-label=\"Contact form\" novalidate=\"novalidate\" data-status=\"init\">\n<fieldset class=\"hidden-fields-container\"><input type=\"hidden\" name=\"_wpcf7\" value=\"33\" \/><input type=\"hidden\" name=\"_wpcf7_version\" value=\"6.1.5\" \/><input type=\"hidden\" name=\"_wpcf7_locale\" value=\"en_US\" \/><input type=\"hidden\" name=\"_wpcf7_unit_tag\" value=\"wpcf7-f33-o1\" \/><input type=\"hidden\" name=\"_wpcf7_container_post\" value=\"0\" \/><input type=\"hidden\" name=\"_wpcf7_posted_data_hash\" value=\"\" \/>\n<\/fieldset>\n<div class=\"vc_row\">\n\t<div class=\"vc_col-sm-4\">\n\t\t<p><span class=\"wpcf7-form-control-wrap\" data-name=\"your-name\"><input size=\"40\" maxlength=\"400\" class=\"wpcf7-form-control wpcf7-text wpcf7-validates-as-required\" aria-required=\"true\" aria-invalid=\"false\" placeholder=\"Votre nom (obligatoire)\" value=\"\" type=\"text\" name=\"your-name\" \/><\/span>\n\t\t<\/p>\n\t<\/div>\n\t<div class=\"vc_col-sm-4\">\n\t\t<p><span class=\"wpcf7-form-control-wrap\" data-name=\"your-email\"><input size=\"40\" maxlength=\"400\" class=\"wpcf7-form-control wpcf7-email wpcf7-validates-as-required wpcf7-text wpcf7-validates-as-email\" aria-required=\"true\" aria-invalid=\"false\" placeholder=\"Votre email (obligatoire)\" value=\"\" type=\"email\" name=\"your-email\" \/><\/span>\n\t\t<\/p>\n\t<\/div>\n\t<div class=\"vc_col-sm-4\">\n\t\t<p><span class=\"wpcf7-form-control-wrap\" data-name=\"your-phone\"><input size=\"40\" maxlength=\"400\" class=\"wpcf7-form-control wpcf7-tel wpcf7-validates-as-required wpcf7-text wpcf7-validates-as-tel\" aria-required=\"true\" aria-invalid=\"false\" placeholder=\"Votre num\u00e9ro de t\u00e9l\u00e9phone (obligatoire)\" value=\"\" type=\"tel\" name=\"your-phone\" \/><\/span>\n\t\t<\/p>\n\t<\/div>\n\t<div class=\"vc_col-sm-12\">\n\t\t<p><span class=\"wpcf7-form-control-wrap\" data-name=\"your-message\"><textarea cols=\"40\" rows=\"10\" maxlength=\"2000\" class=\"wpcf7-form-control wpcf7-textarea wpcf7-validates-as-required\" aria-required=\"true\" aria-invalid=\"false\" placeholder=\"Votre message (obligatoire)\" name=\"your-message\"><\/textarea><\/span>\n\t\t<\/p>\n\t<\/div>\n\t<div class=\"vc_col-sm-12 text-right p-t-10\">\n\t\t<div class=\"text-right\">\n\t\t\t<p><input class=\"wpcf7-form-control wpcf7-submit has-spinner\" type=\"submit\" value=\"Envoyer\" \/>\n\t\t\t<\/p>\n\t\t<\/div>\n\t<\/div>\n<\/div><div class=\"wpcf7-response-output\" aria-hidden=\"true\"><\/div>\n<\/form>\n<\/div>\n[\/vc_column_text][vc_empty_space height=\u00a0\u00bb15px\u00a0\u00bb][\/vc_column][\/vc_row]<\/p>\n<\/div>","protected":false},"excerpt":{"rendered":"<p>[vc_row css_animation=\u00a0\u00bb\u00a0\u00bb row_type=\u00a0\u00bbrow\u00a0\u00bb use_row_as_full_screen_section=\u00a0\u00bbno\u00a0\u00bb type=\u00a0\u00bbfull_width\u00a0\u00bb angled_section=\u00a0\u00bbno\u00a0\u00bb text_align=\u00a0\u00bbleft\u00a0\u00bb background_image_as_pattern=\u00a0\u00bbwithout_pattern\u00a0\u00bb z_index=\u00a0\u00bb\u00a0\u00bb background_color=\u00a0\u00bb#263047&Prime; css=\u00a0\u00bb.vc_custom_1688699234730{padding-top: 250px !important;padding-bottom: 100px !important;}\u00a0\u00bb background_image=\u00a0\u00bb10682&Prime;][vc_column][vc_row_inner row_type=\u00a0\u00bbrow\u00a0\u00bb type=\u00a0\u00bbgrid\u00a0\u00bb text_align=\u00a0\u00bbleft\u00a0\u00bb css_animation=\u00a0\u00bb\u00a0\u00bb][vc_column_inner width=\u00a0\u00bb2\/3&Prime;][vc_column_text el_class=\u00a0\u00bbdav-title\u00a0\u00bb]Commencez votre parcours vers un beau sourire.[\/vc_column_text][vc_column_text el_class=\u00a0\u00bbc-white\u00a0\u00bb]Appelez-nous ou envoyez-nous un message en utilisant le formulaire ci-dessous pour prendre rendez-vous ![\/vc_column_text][\/vc_column_inner][vc_column_inner width=\u00a0\u00bb1\/3&Prime;][\/vc_column_inner][\/vc_row_inner][\/vc_column][\/vc_row][vc_row css_animation=\u00a0\u00bb\u00a0\u00bb row_type=\u00a0\u00bbrow\u00a0\u00bb&#8230;<\/p>\n","protected":false},"author":1,"featured_media":0,"parent":0,"menu_order":100,"comment_status":"closed","ping_status":"closed","template":"full_width.php","meta":{"footnotes":""},"class_list":["post-117","page","type-page","status-publish","hentry"],"_links":{"self":[{"href":"https:\/\/smilecreations.ca\/fr\/wp-json\/wp\/v2\/pages\/117","targetHints":{"allow":["GET"]}}],"collection":[{"href":"https:\/\/smilecreations.ca\/fr\/wp-json\/wp\/v2\/pages"}],"about":[{"href":"https:\/\/smilecreations.ca\/fr\/wp-json\/wp\/v2\/types\/page"}],"author":[{"embeddable":true,"href":"https:\/\/smilecreations.ca\/fr\/wp-json\/wp\/v2\/users\/1"}],"replies":[{"embeddable":true,"href":"https:\/\/smilecreations.ca\/fr\/wp-json\/wp\/v2\/comments?post=117"}],"version-history":[{"count":36,"href":"https:\/\/smilecreations.ca\/fr\/wp-json\/wp\/v2\/pages\/117\/revisions"}],"predecessor-version":[{"id":10861,"href":"https:\/\/smilecreations.ca\/fr\/wp-json\/wp\/v2\/pages\/117\/revisions\/10861"}],"wp:attachment":[{"href":"https:\/\/smilecreations.ca\/fr\/wp-json\/wp\/v2\/media?parent=117"}],"curies":[{"name":"wp","href":"https:\/\/api.w.org\/{rel}","templated":true}]}}