{"id":10617,"date":"2023-07-03T20:36:41","date_gmt":"2023-07-04T00:36:41","guid":{"rendered":"https:\/\/smilecreations.ca\/retainers-101\/"},"modified":"2023-07-24T21:21:32","modified_gmt":"2023-07-25T01:21:32","slug":"appareils-de-retention-101","status":"publish","type":"page","link":"https:\/\/smilecreations.ca\/fr\/appareils-de-retention-101\/","title":{"rendered":"Appareils de r\u00e9tention 101"},"content":{"rendered":"<div class=\"wpb-content-wrapper\"><p>[vc_row css_animation=\u00a0\u00bb\u00a0\u00bb row_type=\u00a0\u00bbrow\u00a0\u00bb use_row_as_full_screen_section=\u00a0\u00bbno\u00a0\u00bb type=\u00a0\u00bbfull_width\u00a0\u00bb angled_section=\u00a0\u00bbno\u00a0\u00bb text_align=\u00a0\u00bbleft\u00a0\u00bb background_image_as_pattern=\u00a0\u00bbwithout_pattern\u00a0\u00bb css=\u00a0\u00bb.vc_custom_1688607822045{padding-top: 250px !important;padding-bottom: 100px !important;}\u00a0\u00bb z_index=\u00a0\u00bb\u00a0\u00bb background_color=\u00a0\u00bb#263047&Prime; background_image=\u00a0\u00bb10686&Prime;][vc_column][vc_row_inner row_type=\u00a0\u00bbrow\u00a0\u00bb type=\u00a0\u00bbgrid\u00a0\u00bb text_align=\u00a0\u00bbleft\u00a0\u00bb css_animation=\u00a0\u00bb\u00a0\u00bb][vc_column_inner width=\u00a0\u00bb1\/2&Prime;][vc_column_text el_class=\u00a0\u00bbdav-title\u00a0\u00bb]Appareils de r\u00e9tention\u00a0101[\/vc_column_text][vc_column_text el_class=\u00a0\u00bbc-white\u00a0\u00bb]Ce que vous devez savoir sur les appareils de r\u00e9tention.[\/vc_column_text][\/vc_column_inner][vc_column_inner width=\u00a0\u00bb1\/2&Prime;][\/vc_column_inner][\/vc_row_inner][\/vc_column][\/vc_row][vc_row css_animation=\u00a0\u00bb\u00a0\u00bb row_type=\u00a0\u00bbrow\u00a0\u00bb use_row_as_full_screen_section=\u00a0\u00bbno\u00a0\u00bb type=\u00a0\u00bbfull_width\u00a0\u00bb angled_section=\u00a0\u00bbyes\u00a0\u00bb angled_section_position=\u00a0\u00bbtop\u00a0\u00bb angled_section_direction=\u00a0\u00bbfrom_right_to_left\u00a0\u00bb text_align=\u00a0\u00bbleft\u00a0\u00bb background_image_as_pattern=\u00a0\u00bbwithout_pattern\u00a0\u00bb css=\u00a0\u00bb.vc_custom_1688431942241{padding-top: 100px !important;padding-bottom: 100px !important;}\u00a0\u00bb z_index=\u00a0\u00bb\u00a0\u00bb background_color=\u00a0\u00bb#ffffff\u00a0\u00bb][vc_column][vc_row_inner row_type=\u00a0\u00bbrow\u00a0\u00bb type=\u00a0\u00bbgrid\u00a0\u00bb text_align=\u00a0\u00bbleft\u00a0\u00bb css_animation=\u00a0\u00bb\u00a0\u00bb][vc_column_inner][vc_column_text]<\/p>\n<h1>L&rsquo;importance des appareils de r\u00e9tention<\/h1>\n<p>Les appareils de r\u00e9tention jouent un r\u00f4le crucial dans le maintien de l&rsquo;alignement de vos dents apr\u00e8s une correction orthodontique. Ils aident \u00e0 permettre \u00e0 votre os de se restructurer apr\u00e8s le d\u00e9placement de vos dents, assurant ainsi que l&rsquo;alignement de vos dents reste constant. Nos orthodontistes chez Smile Creations insistent sur l&rsquo;importance de suivre leurs recommandations concernant l&rsquo;utilisation des appareils de r\u00e9tention apr\u00e8s le traitement orthodontique, car c&rsquo;est la meilleure fa\u00e7on de pr\u00e9server les am\u00e9liorations obtenues gr\u00e2ce \u00e0 votre traitement.<\/p>\n<p>Nos orthodontistes vous fourniront des conseils personnalis\u00e9s sur le type d&rsquo;appareils de r\u00e9tention (fixes ou amovibles) ou une combinaison des deux, ainsi que sur la dur\u00e9e pendant laquelle les porter. \u00c9tant donn\u00e9 que vos dents se trouvent dans l&rsquo;os, un mat\u00e9riau en croissance et en changement, elles peuvent se d\u00e9placer m\u00eame apr\u00e8s le traitement orthodontique. Ce d\u00e9placement est le plus souvent observ\u00e9 au niveau des dents ant\u00e9rieures inf\u00e9rieures. Cependant, le port r\u00e9gulier de vos appareils de r\u00e9tention conform\u00e9ment aux instructions peut emp\u00eacher des changements ind\u00e9sirables de votre sourire.<\/p>\n<p>Bien que de l\u00e9gers d\u00e9placements de vos dents ne soient pas une cause d&rsquo;inqui\u00e9tude, des d\u00e9placements importants peuvent se produire si vous ne portez pas vos appareils de r\u00e9tention comme indiqu\u00e9. Des facteurs tels que l&rsquo;\u00e9ruption des dents de sagesse et d&rsquo;autres que vous pourriez ne pas conna\u00eetre peuvent provoquer le d\u00e9placement de vos dents.<\/p>\n<p>Les appareils de r\u00e9tention sont sans doute l&rsquo;aspect le plus crucial du traitement orthodontique. C&rsquo;est parce que les dents ont naturellement tendance \u00e0 revenir \u00e0 leur position d&rsquo;origine au fil du temps. Pensez-y comme une m\u00e9moire musculaire, mais pour les dents. C&rsquo;est l\u00e0 que les appareils de r\u00e9tention interviennent : ils veillent \u00e0 ce que vos dents maintiennent leur position corrig\u00e9e longtemps apr\u00e8s le retrait des broches.[\/vc_column_text][vc_empty_space height=\u00a0\u00bb50px\u00a0\u00bb][vc_column_text]<\/p>\n<h2>Types d&rsquo;appareils de r\u00e9tention<\/h2>\n<p>Selon les besoins sp\u00e9cifiques du patient, diff\u00e9rents types de contenants dentaires peuvent \u00eatre recommand\u00e9s. Les deux principales cat\u00e9gories sont les appareils de r\u00e9tention amovibles et les appareils de r\u00e9tention permanents (\u00e9galement appel\u00e9s fixes). Les appareils de r\u00e9tention amovibles peuvent \u00eatre retir\u00e9s de la bouche, et les principaux types sont les appareils de r\u00e9tention Essix transparents et les appareils de r\u00e9tention Hawley en fil m\u00e9tallique, chacun ayant ses propres avantages et inconv\u00e9nients.[\/vc_column_text][\/vc_column_inner][\/vc_row_inner][vc_row_inner row_type=\u00a0\u00bbrow\u00a0\u00bb type=\u00a0\u00bbgrid\u00a0\u00bb text_align=\u00a0\u00bbleft\u00a0\u00bb css_animation=\u00a0\u00bb\u00a0\u00bb css=\u00a0\u00bb.vc_custom_1688431557400{padding-top: 50px !important;}\u00a0\u00bb][vc_column_inner width=\u00a0\u00bb1\/2&Prime;][vc_single_image image=\u00a0\u00bb10824&Prime; img_size=\u00a0\u00bb300&#215;300&Prime; alignment=\u00a0\u00bbcenter\u00a0\u00bb style=\u00a0\u00bbvc_box_circle_2&Prime; qode_css_animation=\u00a0\u00bb\u00a0\u00bb][\/vc_column_inner][vc_column_inner width=\u00a0\u00bb1\/2&Prime;][vc_column_text]<strong>Essix amovibles<\/strong><\/p>\n<p>Les appareils de r\u00e9tention Essix, fabriqu\u00e9es \u00e0 partir d&rsquo;un mat\u00e9riau transparent, sont plus esth\u00e9tiques et peuvent g\u00e9n\u00e9ralement \u00eatre fabriqu\u00e9es sur place, r\u00e9duisant ainsi \u00e0 la fois les co\u00fbts et les d\u00e9lais d&rsquo;attente.[\/vc_column_text][\/vc_column_inner][\/vc_row_inner][vc_row_inner row_type=\u00a0\u00bbrow\u00a0\u00bb type=\u00a0\u00bbgrid\u00a0\u00bb text_align=\u00a0\u00bbleft\u00a0\u00bb css_animation=\u00a0\u00bb\u00a0\u00bb css=\u00a0\u00bb.vc_custom_1688431863974{padding-top: 50px !important;}\u00a0\u00bb][vc_column_inner width=\u00a0\u00bb1\/2&Prime;][vc_single_image image=\u00a0\u00bb10468&Prime; img_size=\u00a0\u00bb300&#215;300&Prime; alignment=\u00a0\u00bbcenter\u00a0\u00bb style=\u00a0\u00bbvc_box_circle_2&Prime; qode_css_animation=\u00a0\u00bb\u00a0\u00bb][\/vc_column_inner][vc_column_inner width=\u00a0\u00bb1\/2&Prime;][vc_column_text]<strong>Hawley Amovibles<\/strong><\/p>\n<p>L&rsquo;appareil de r\u00e9tention Hawley, \u00e9galement connu sous le nom d&rsquo;appareil en fil m\u00e9tallique et acrylique, est fabriqu\u00e9 sur mesure par un technicien de laboratoire, le rendant ainsi l\u00e9g\u00e8rement plus co\u00fbteux. Cependant, sa capacit\u00e9 d&rsquo;ajustement lui conf\u00e8re une dur\u00e9e de vie potentielle plus longue. Les deux types d&rsquo;appareils doivent \u00eatre retir\u00e9s pour manger, se brosser les dents et passer le fil dentaire, et apr\u00e8s une courte p\u00e9riode d&rsquo;utilisation \u00e0 temps plein, il est recommand\u00e9 de les porter la nuit \u00e0 vie.[\/vc_column_text][\/vc_column_inner][\/vc_row_inner][vc_row_inner row_type=\u00a0\u00bbrow\u00a0\u00bb type=\u00a0\u00bbgrid\u00a0\u00bb text_align=\u00a0\u00bbleft\u00a0\u00bb css_animation=\u00a0\u00bb\u00a0\u00bb css=\u00a0\u00bb.vc_custom_1688431863974{padding-top: 50px !important;}\u00a0\u00bb][vc_column_inner width=\u00a0\u00bb1\/2&Prime;][vc_single_image image=\u00a0\u00bb10470&Prime; img_size=\u00a0\u00bb300&#215;300&Prime; alignment=\u00a0\u00bbcenter\u00a0\u00bb style=\u00a0\u00bbvc_box_circle_2&Prime; qode_css_animation=\u00a0\u00bb\u00a0\u00bb][\/vc_column_inner][vc_column_inner width=\u00a0\u00bb1\/2&Prime;][vc_column_text]<strong>Appareils de R\u00e9tention Permanents<\/strong><\/p>\n<p>Les appareils de r\u00e9tention permanents, constitu\u00e9s d&rsquo;un fil coll\u00e9 \u00e0 l&rsquo;arri\u00e8re des dents de devant, compl\u00e8tent g\u00e9n\u00e9ralement les appareils de r\u00e9tention amovibles car ils ne couvrent pas toutes les dents. Ils assurent que les espaces ne se rouvrent pas et aident \u00e0 maintenir la position des dents. Les deux principaux d\u00e9fis des appareils de r\u00e9tention permanents sont la difficult\u00e9 de nettoyage et le risque de rupture de la colle qui lie le fil \u00e0 la dent. Malgr\u00e9 ces d\u00e9fis, les appareils de r\u00e9tention permanents offrent une s\u00e9curit\u00e9 suppl\u00e9mentaire pour maintenir la position de vos dents.[\/vc_column_text][\/vc_column_inner][\/vc_row_inner][vc_row_inner row_type=\u00a0\u00bbrow\u00a0\u00bb type=\u00a0\u00bbgrid\u00a0\u00bb text_align=\u00a0\u00bbleft\u00a0\u00bb css_animation=\u00a0\u00bb\u00a0\u00bb css=\u00a0\u00bb.vc_custom_1690248045839{padding-bottom: 100px !important;}\u00a0\u00bb][vc_column_inner][vc_column_text]Quel que soit le type d&rsquo;appareils de r\u00e9tention que vous utilisez, il est essentiel de les porter r\u00e9guli\u00e8rement. Ils demandent moins d&rsquo;efforts par rapport aux bagues dentaires et aident \u00e0 maintenir les avantages obtenus gr\u00e2ce \u00e0 votre traitement orthodontique. Si vos appareils de r\u00e9tention sont perdus, cass\u00e9s ou us\u00e9s, rendez-vous imm\u00e9diatement chez votre orthodontiste \u00e0 Smile Creations pour \u00e9viter tout d\u00e9placement ind\u00e9sirable des dents.[\/vc_column_text][\/vc_column_inner][\/vc_row_inner][\/vc_column][\/vc_row]<\/p>\n<\/div>","protected":false},"excerpt":{"rendered":"<p>[vc_row css_animation=\u00a0\u00bb\u00a0\u00bb row_type=\u00a0\u00bbrow\u00a0\u00bb use_row_as_full_screen_section=\u00a0\u00bbno\u00a0\u00bb type=\u00a0\u00bbfull_width\u00a0\u00bb angled_section=\u00a0\u00bbno\u00a0\u00bb text_align=\u00a0\u00bbleft\u00a0\u00bb background_image_as_pattern=\u00a0\u00bbwithout_pattern\u00a0\u00bb css=\u00a0\u00bb.vc_custom_1688607822045{padding-top: 250px !important;padding-bottom: 100px !important;}\u00a0\u00bb z_index=\u00a0\u00bb\u00a0\u00bb background_color=\u00a0\u00bb#263047&Prime; background_image=\u00a0\u00bb10686&Prime;][vc_column][vc_row_inner row_type=\u00a0\u00bbrow\u00a0\u00bb type=\u00a0\u00bbgrid\u00a0\u00bb text_align=\u00a0\u00bbleft\u00a0\u00bb css_animation=\u00a0\u00bb\u00a0\u00bb][vc_column_inner width=\u00a0\u00bb1\/2&Prime;][vc_column_text el_class=\u00a0\u00bbdav-title\u00a0\u00bb]Appareils de r\u00e9tention\u00a0101[\/vc_column_text][vc_column_text el_class=\u00a0\u00bbc-white\u00a0\u00bb]Ce que vous devez savoir sur les appareils de r\u00e9tention.[\/vc_column_text][\/vc_column_inner][vc_column_inner width=\u00a0\u00bb1\/2&Prime;][\/vc_column_inner][\/vc_row_inner][\/vc_column][\/vc_row][vc_row css_animation=\u00a0\u00bb\u00a0\u00bb row_type=\u00a0\u00bbrow\u00a0\u00bb use_row_as_full_screen_section=\u00a0\u00bbno\u00a0\u00bb type=\u00a0\u00bbfull_width\u00a0\u00bb angled_section=\u00a0\u00bbyes\u00a0\u00bb angled_section_position=\u00a0\u00bbtop\u00a0\u00bb angled_section_direction=\u00a0\u00bbfrom_right_to_left\u00a0\u00bb text_align=\u00a0\u00bbleft\u00a0\u00bb background_image_as_pattern=\u00a0\u00bbwithout_pattern\u00a0\u00bb css=\u00a0\u00bb.vc_custom_1688431942241{padding-top:&#8230;<\/p>\n","protected":false},"author":1,"featured_media":0,"parent":0,"menu_order":0,"comment_status":"closed","ping_status":"closed","template":"full_width.php","meta":{"footnotes":""},"class_list":["post-10617","page","type-page","status-publish","hentry"],"_links":{"self":[{"href":"https:\/\/smilecreations.ca\/fr\/wp-json\/wp\/v2\/pages\/10617","targetHints":{"allow":["GET"]}}],"collection":[{"href":"https:\/\/smilecreations.ca\/fr\/wp-json\/wp\/v2\/pages"}],"about":[{"href":"https:\/\/smilecreations.ca\/fr\/wp-json\/wp\/v2\/types\/page"}],"author":[{"embeddable":true,"href":"https:\/\/smilecreations.ca\/fr\/wp-json\/wp\/v2\/users\/1"}],"replies":[{"embeddable":true,"href":"https:\/\/smilecreations.ca\/fr\/wp-json\/wp\/v2\/comments?post=10617"}],"version-history":[{"count":11,"href":"https:\/\/smilecreations.ca\/fr\/wp-json\/wp\/v2\/pages\/10617\/revisions"}],"predecessor-version":[{"id":10834,"href":"https:\/\/smilecreations.ca\/fr\/wp-json\/wp\/v2\/pages\/10617\/revisions\/10834"}],"wp:attachment":[{"href":"https:\/\/smilecreations.ca\/fr\/wp-json\/wp\/v2\/media?parent=10617"}],"curies":[{"name":"wp","href":"https:\/\/api.w.org\/{rel}","templated":true}]}}