{"id":10612,"date":"2023-07-03T21:03:24","date_gmt":"2023-07-04T01:03:24","guid":{"rendered":"https:\/\/smilecreations.ca\/brushing-and-flossing-101\/"},"modified":"2023-07-24T20:57:31","modified_gmt":"2023-07-25T00:57:31","slug":"brossage-et-utilisation-du-fil-dentaire-101","status":"publish","type":"page","link":"https:\/\/smilecreations.ca\/fr\/brossage-et-utilisation-du-fil-dentaire-101\/","title":{"rendered":"Brossage et utilisation du fil dentaire 101"},"content":{"rendered":"<div class=\"wpb-content-wrapper\"><p>[vc_row css_animation=\u00a0\u00bb\u00a0\u00bb row_type=\u00a0\u00bbrow\u00a0\u00bb use_row_as_full_screen_section=\u00a0\u00bbno\u00a0\u00bb type=\u00a0\u00bbfull_width\u00a0\u00bb angled_section=\u00a0\u00bbno\u00a0\u00bb text_align=\u00a0\u00bbleft\u00a0\u00bb background_image_as_pattern=\u00a0\u00bbwithout_pattern\u00a0\u00bb css=\u00a0\u00bb.vc_custom_1690246650100{padding-top: 250px !important;padding-bottom: 100px !important;}\u00a0\u00bb z_index=\u00a0\u00bb\u00a0\u00bb background_color=\u00a0\u00bb#263047&Prime; background_image=\u00a0\u00bb10676&Prime;][vc_column][vc_row_inner row_type=\u00a0\u00bbrow\u00a0\u00bb type=\u00a0\u00bbgrid\u00a0\u00bb text_align=\u00a0\u00bbleft\u00a0\u00bb css_animation=\u00a0\u00bb\u00a0\u00bb][vc_column_inner width=\u00a0\u00bb1\/2&Prime;][vc_column_text el_class=\u00a0\u00bbdav-title\u00a0\u00bb]Brossage et utilisation du fil dentaire 101[\/vc_column_text][vc_column_text el_class=\u00a0\u00bbc-white\u00a0\u00bb]Guide pratique pour se brosser les dents et utiliser le fil dentaire avec des appareils dentaires[\/vc_column_text][\/vc_column_inner][vc_column_inner width=\u00a0\u00bb1\/2&Prime;][\/vc_column_inner][\/vc_row_inner][\/vc_column][\/vc_row][vc_row css_animation=\u00a0\u00bb\u00a0\u00bb row_type=\u00a0\u00bbrow\u00a0\u00bb use_row_as_full_screen_section=\u00a0\u00bbno\u00a0\u00bb type=\u00a0\u00bbfull_width\u00a0\u00bb angled_section=\u00a0\u00bbyes\u00a0\u00bb angled_section_position=\u00a0\u00bbtop\u00a0\u00bb angled_section_direction=\u00a0\u00bbfrom_right_to_left\u00a0\u00bb text_align=\u00a0\u00bbleft\u00a0\u00bb background_image_as_pattern=\u00a0\u00bbwithout_pattern\u00a0\u00bb css=\u00a0\u00bb.vc_custom_1688499588181{padding-top: 100px !important;padding-bottom: 150px !important;}\u00a0\u00bb z_index=\u00a0\u00bb\u00a0\u00bb background_color=\u00a0\u00bb#ffffff\u00a0\u00bb][vc_column][vc_row_inner row_type=\u00a0\u00bbrow\u00a0\u00bb type=\u00a0\u00bbgrid\u00a0\u00bb text_align=\u00a0\u00bbleft\u00a0\u00bb css_animation=\u00a0\u00bb\u00a0\u00bb][vc_column_inner][vc_column_text]Brosser et passer la soie dentaire avec des broches peut pr\u00e9senter de nouveaux d\u00e9fis, mais avec les bons conseils, maintenir une bonne hygi\u00e8ne bucco-dentaire peut \u00eatre un jeu d&rsquo;enfant. Voici des astuces pratiques pour rendre le processus plus facile.<\/p>\n<h2>Brossage avec des broches<\/h2>\n<p>1. <strong>Am\u00e9liorez votre brosse \u00e0 dents<\/strong> : Remplacez votre vieille brosse \u00e0 dents par une brosse \u00e0 t\u00eate petite et \u00e0 poils souples. Cela permet un nettoyage efficace autour des broches.<\/p>\n<p>2. <strong>Technique de brossage<\/strong> : Brossez vos dents avec un angle de 45 degr\u00e9s en faisant des mouvements circulaires au-dessus et en dessous des brackets.<\/p>\n<p>3. <strong>Remplacez r\u00e9guli\u00e8rement votre brosse \u00e0 dents<\/strong> : Les broches usent les brosses \u00e0 dents plus rapidement, donc remplacez votre brosse d\u00e8s que les poils sont effiloch\u00e9s ou endommag\u00e9s.<\/p>\n<p>4. <strong>\u00c9vitez les cicatrices blanches<\/strong> : La plaque dentaire laiss\u00e9e peut causer des cicatrices blanches permanentes. Assurez-vous de vous brosser les dents plusieurs fois par jour pour \u00e9liminer toute la plaque.<\/p>\n<p>5. <strong>Consultations dentaires r\u00e9guli\u00e8res<\/strong> : Maintenez vos rendez-vous dentaires semestriels pour des nettoyages professionnels.<\/p>\n<p>6. <strong>Pensez \u00e0 investir dans une brosse \u00e0 dents \u00e9lectrique ou un Waterpik<\/strong> : Ces outils peuvent faciliter le nettoyage autour des broches.[\/vc_column_text][vc_empty_space height=\u00a0\u00bb50px\u00a0\u00bb][vc_column_text]<\/p>\n<h2>La soie dentaire avec des broches<\/h2>\n<p>1. <strong>Choisissez la bonne soie dentaire<\/strong> : La soie dentaire cir\u00e9e ou le fil dentaire est id\u00e9al pour la plupart des patients portant des broches, car la soie dentaire non cir\u00e9e peut s&rsquo;effilocher et se casser.<\/p>\n<p>2. <strong>Technique de passage de la soie dentaire<\/strong> : Passez la soie dentaire \u00e0 travers le fil et entre vos dents, puis poussez-la d\u00e9licatement vers la ligne des gencives. \u00c9vitez de mettre trop de pression sur le fil.<\/p>\n<p>3. <strong>Nettoyage minutieux<\/strong> : Passez la soie dentaire de haut en bas le long de chaque dent quatre ou cinq fois avant de passer \u00e0 la dent suivante.<\/p>\n<p>4. <strong>Utilisez un enfileur de soie dentaire ou une soie dentaire pr\u00e9-coup\u00e9e<\/strong> : Si le passage de la soie dentaire sous les fils orthodontiques est difficile, un enfileur de soie dentaire peut aider. Une soie dentaire pr\u00e9-coup\u00e9e avec une extr\u00e9mit\u00e9 rigide offre une meilleure prise en main et plus de contr\u00f4le.<\/p>\n<p>Rappelez-vous, maintenir une bonne hygi\u00e8ne bucco-dentaire tout en portant des broches peut sembler intimidant au d\u00e9but, mais avec ces astuces pratiques, vous pouvez assurer la sant\u00e9 de vos dents et l&rsquo;efficacit\u00e9 de votre traitement orthodontique.[\/vc_column_text][\/vc_column_inner][\/vc_row_inner][\/vc_column][\/vc_row]<\/p>\n<\/div>","protected":false},"excerpt":{"rendered":"<p>[vc_row css_animation=\u00a0\u00bb\u00a0\u00bb row_type=\u00a0\u00bbrow\u00a0\u00bb use_row_as_full_screen_section=\u00a0\u00bbno\u00a0\u00bb type=\u00a0\u00bbfull_width\u00a0\u00bb angled_section=\u00a0\u00bbno\u00a0\u00bb text_align=\u00a0\u00bbleft\u00a0\u00bb background_image_as_pattern=\u00a0\u00bbwithout_pattern\u00a0\u00bb css=\u00a0\u00bb.vc_custom_1690246650100{padding-top: 250px !important;padding-bottom: 100px !important;}\u00a0\u00bb z_index=\u00a0\u00bb\u00a0\u00bb background_color=\u00a0\u00bb#263047&Prime; background_image=\u00a0\u00bb10676&Prime;][vc_column][vc_row_inner row_type=\u00a0\u00bbrow\u00a0\u00bb type=\u00a0\u00bbgrid\u00a0\u00bb text_align=\u00a0\u00bbleft\u00a0\u00bb css_animation=\u00a0\u00bb\u00a0\u00bb][vc_column_inner width=\u00a0\u00bb1\/2&Prime;][vc_column_text el_class=\u00a0\u00bbdav-title\u00a0\u00bb]Brossage et utilisation du fil dentaire 101[\/vc_column_text][vc_column_text el_class=\u00a0\u00bbc-white\u00a0\u00bb]Guide pratique pour se brosser les dents et utiliser le fil dentaire avec des appareils dentaires[\/vc_column_text][\/vc_column_inner][vc_column_inner width=\u00a0\u00bb1\/2&Prime;][\/vc_column_inner][\/vc_row_inner][\/vc_column][\/vc_row][vc_row&#8230;<\/p>\n","protected":false},"author":1,"featured_media":0,"parent":0,"menu_order":0,"comment_status":"closed","ping_status":"closed","template":"full_width.php","meta":{"footnotes":""},"class_list":["post-10612","page","type-page","status-publish","hentry"],"_links":{"self":[{"href":"https:\/\/smilecreations.ca\/fr\/wp-json\/wp\/v2\/pages\/10612","targetHints":{"allow":["GET"]}}],"collection":[{"href":"https:\/\/smilecreations.ca\/fr\/wp-json\/wp\/v2\/pages"}],"about":[{"href":"https:\/\/smilecreations.ca\/fr\/wp-json\/wp\/v2\/types\/page"}],"author":[{"embeddable":true,"href":"https:\/\/smilecreations.ca\/fr\/wp-json\/wp\/v2\/users\/1"}],"replies":[{"embeddable":true,"href":"https:\/\/smilecreations.ca\/fr\/wp-json\/wp\/v2\/comments?post=10612"}],"version-history":[{"count":3,"href":"https:\/\/smilecreations.ca\/fr\/wp-json\/wp\/v2\/pages\/10612\/revisions"}],"predecessor-version":[{"id":10819,"href":"https:\/\/smilecreations.ca\/fr\/wp-json\/wp\/v2\/pages\/10612\/revisions\/10819"}],"wp:attachment":[{"href":"https:\/\/smilecreations.ca\/fr\/wp-json\/wp\/v2\/media?parent=10612"}],"curies":[{"name":"wp","href":"https:\/\/api.w.org\/{rel}","templated":true}]}}