{"id":10607,"date":"2023-07-03T21:11:45","date_gmt":"2023-07-04T01:11:45","guid":{"rendered":"https:\/\/smilecreations.ca\/braces-glossary\/"},"modified":"2023-07-05T21:38:24","modified_gmt":"2023-07-06T01:38:24","slug":"glossaire-des-broches","status":"publish","type":"page","link":"https:\/\/smilecreations.ca\/fr\/glossaire-des-broches\/","title":{"rendered":"Glossaire des broches"},"content":{"rendered":"<div class=\"wpb-content-wrapper\"><p>[vc_row css_animation=\u00a0\u00bb\u00a0\u00bb row_type=\u00a0\u00bbrow\u00a0\u00bb use_row_as_full_screen_section=\u00a0\u00bbno\u00a0\u00bb type=\u00a0\u00bbfull_width\u00a0\u00bb angled_section=\u00a0\u00bbno\u00a0\u00bb text_align=\u00a0\u00bbleft\u00a0\u00bb background_image_as_pattern=\u00a0\u00bbwithout_pattern\u00a0\u00bb css=\u00a0\u00bb.vc_custom_1688607503191{padding-top: 250px !important;padding-bottom: 100px !important;}\u00a0\u00bb z_index=\u00a0\u00bb\u00a0\u00bb background_color=\u00a0\u00bb#263047&Prime; background_image=\u00a0\u00bb10680&Prime;][vc_column][vc_row_inner row_type=\u00a0\u00bbrow\u00a0\u00bb type=\u00a0\u00bbgrid\u00a0\u00bb text_align=\u00a0\u00bbleft\u00a0\u00bb css_animation=\u00a0\u00bb\u00a0\u00bb][vc_column_inner width=\u00a0\u00bb1\/2&Prime;][vc_column_text el_class=\u00a0\u00bbdav-title\u00a0\u00bb]Glossaire des broches[\/vc_column_text][vc_column_text el_class=\u00a0\u00bbc-white\u00a0\u00bb]Apprenez le vocabulaire technique[\/vc_column_text][\/vc_column_inner][vc_column_inner width=\u00a0\u00bb1\/2&Prime;][\/vc_column_inner][\/vc_row_inner][\/vc_column][\/vc_row][vc_row css_animation=\u00a0\u00bb\u00a0\u00bb row_type=\u00a0\u00bbrow\u00a0\u00bb use_row_as_full_screen_section=\u00a0\u00bbno\u00a0\u00bb type=\u00a0\u00bbfull_width\u00a0\u00bb angled_section=\u00a0\u00bbyes\u00a0\u00bb angled_section_position=\u00a0\u00bbtop\u00a0\u00bb angled_section_direction=\u00a0\u00bbfrom_right_to_left\u00a0\u00bb text_align=\u00a0\u00bbleft\u00a0\u00bb background_image_as_pattern=\u00a0\u00bbwithout_pattern\u00a0\u00bb css=\u00a0\u00bb.vc_custom_1688431942241{padding-top: 100px !important;padding-bottom: 100px !important;}\u00a0\u00bb z_index=\u00a0\u00bb\u00a0\u00bb background_color=\u00a0\u00bb#ffffff\u00a0\u00bb][vc_column][vc_row_inner row_type=\u00a0\u00bbrow\u00a0\u00bb type=\u00a0\u00bbgrid\u00a0\u00bb text_align=\u00a0\u00bbleft\u00a0\u00bb css_animation=\u00a0\u00bb\u00a0\u00bb][vc_column_inner][vc_column_text]<\/p>\n<h2>Broches<\/h2>\n<p>[\/vc_column_text][\/vc_column_inner][\/vc_row_inner][vc_row_inner row_type=\u00a0\u00bbrow\u00a0\u00bb type=\u00a0\u00bbgrid\u00a0\u00bb text_align=\u00a0\u00bbleft\u00a0\u00bb css_animation=\u00a0\u00bb\u00a0\u00bb][vc_column_inner width=\u00a0\u00bb2\/3&Prime;][vc_column_text]<strong>Arc m\u00e9tallique<\/strong> : Il s&rsquo;agit du fil principal qui s&rsquo;ins\u00e8re dans les attaches ou autres dispositifs de soutien, \u00e0 l&rsquo;ext\u00e9rieur de vos dents. Il exerce la plupart des forces qui d\u00e9placent vos dents. L&rsquo;arc m\u00e9tallique sert \u00e9galement de guide le long duquel vos dents se d\u00e9placent.<\/p>\n<p><strong>Bagues<\/strong> : Il s&rsquo;agit de fines bandes de m\u00e9tal, soigneusement adapt\u00e9es \u00e0 la dent puis ciment\u00e9es en place. Elles portent les attaches, les tubes, les crochets ou les leviers rotatifs (autrement dit, elles deviennent une poign\u00e9e sur votre dent). Elles nous permettent de saisir et de contr\u00f4ler chaque dent individuelle.<\/p>\n<p><strong>Attaches<\/strong> : Petits dispositifs fix\u00e9s sur vos dents. Les attaches transmettent les forces de l&rsquo;arc m\u00e9tallique \u00e0 vos dents.<\/p>\n<p><strong>Ligature \u00e9lastique<\/strong> : Ces petites anneaux ou modules color\u00e9s sont utilis\u00e9s pour fixer l&rsquo;arc m\u00e9tallique aux attaches. Il y a un large choix de couleurs, y compris des anneaux transparents. Les modules sont de couleur vert fonc\u00e9 sur la photo ci-dessus.<\/p>\n<p><strong>Crochets<\/strong> : Petits dispositifs utilis\u00e9s pour appliquer des forces sur l&rsquo;arc m\u00e9tallique ou sur des dents individuelles. Ils sont g\u00e9n\u00e9ralement utilis\u00e9s pour attacher des \u00e9lastiques.<\/p>\n<p><strong>\u00c9lastiques<\/strong> : Souvent appel\u00e9s \u00ab \u00e9lastiques \u00bb, les \u00e9lastiques en caoutchouc sont utilis\u00e9s pour appliquer des forces sp\u00e9ciales sur vos dents. Ces forces ne peuvent pas \u00eatre obtenues avec les seuls arcs m\u00e9talliques et n\u00e9cessitent une excellente coop\u00e9ration du patient.[\/vc_column_text][\/vc_column_inner][vc_column_inner width=\u00a0\u00bb1\/3&Prime;][vc_single_image image=\u00a0\u00bb10501&Prime; img_size=\u00a0\u00bb500&#215;500&Prime; alignment=\u00a0\u00bbcenter\u00a0\u00bb style=\u00a0\u00bbvc_box_rounded\u00a0\u00bb qode_css_animation=\u00a0\u00bb\u00a0\u00bb][\/vc_column_inner][\/vc_row_inner][vc_row_inner row_type=\u00a0\u00bbrow\u00a0\u00bb type=\u00a0\u00bbgrid\u00a0\u00bb text_align=\u00a0\u00bbleft\u00a0\u00bb css_animation=\u00a0\u00bb\u00a0\u00bb css=\u00a0\u00bb.vc_custom_1688433522984{padding-top: 100px !important;}\u00a0\u00bb][vc_column_inner][vc_column_text]<\/p>\n<h2>Other orthodontic terms<\/h2>\n<p>[\/vc_column_text][\/vc_column_inner][\/vc_row_inner][vc_row_inner row_type=\u00a0\u00bbrow\u00a0\u00bb type=\u00a0\u00bbgrid\u00a0\u00bb text_align=\u00a0\u00bbleft\u00a0\u00bb css_animation=\u00a0\u00bb\u00a0\u00bb][vc_column_inner width=\u00a0\u00bb2\/3&Prime;][vc_column_text]<strong>Prises d&#8217;empreintes<\/strong> : Nous utilisons un mat\u00e9riau souple semblable \u00e0 de la g\u00e9latine, qui est plac\u00e9 dans un petit plateau s&rsquo;adaptant \u00e0 vos dents. En quelques instants, vos dents laissent une empreinte dans ce mat\u00e9riau, similaire \u00e0 votre empreinte de main dans le sable mou sur la plage.<\/p>\n<p><strong>Mod\u00e8les<\/strong> : Les mod\u00e8les sont des enregistrements en pl\u00e2tre blanc de vos dents qui r\u00e9sultent de la r\u00e9alisation de l&#8217;empreinte que nous venons de d\u00e9crire. Nous coulons le pl\u00e2tre blanc dans votre moule, ou empreinte, le pl\u00e2tre durcit, et maintenant nous avons des mod\u00e8les de vos dents.<\/p>\n<p><strong>Radio de profil<\/strong> : Il s&rsquo;agit d&rsquo;une radiographie de votre t\u00eate, prise de c\u00f4t\u00e9 et parfois de face. Cela nous permet de mesurer la croissance de votre visage. De petites tiges en plastique reposent dans vos oreilles, de chaque c\u00f4t\u00e9, pendant que nous prenons cette photo, aidant \u00e0 maintenir votre t\u00eate dans la position exacte dont nous avons besoin pour la radiographie.<\/p>\n<p><strong>S\u00e9parateurs<\/strong> : Il est parfois n\u00e9cessaire de placer de petits fils ou de petits \u00e9lastiques entre vos dents pour aider \u00e0 cr\u00e9er de l&rsquo;espace pour la pose de vos futurs appareils. Cela peut souvent donner l&rsquo;impression d&rsquo;avoir un morceau de viande coinc\u00e9 entre les dents. Cette sensation dispara\u00eet rapidement lorsque vos dents se s\u00e9parent.<\/p>\n<p><strong>Radiographie de contr\u00f4le<\/strong> : Il s&rsquo;agit simplement d&rsquo;une radio de profil que nous pouvons prendre de temps en temps pendant votre traitement, afin d&rsquo;\u00e9tudier l&rsquo;\u00e9volution de vos soins orthodontiques.<\/p>\n<p><strong>Appareils<\/strong> : C&rsquo;est ainsi que nous appelons vos appareils dentaires. Vos appareils sont compos\u00e9s de bandes, d&rsquo;arcs m\u00e9talliques, d&rsquo;attaches, de fils de fixation, de crochets et de tubes.<\/p>\n<p><strong>Tubes<\/strong> : Habituellement sur les dents les plus en arri\u00e8re, ou molaires, nous placerons un tube long, rond ou rectangulaire. L&rsquo;arc m\u00e9tallique passe dans le plus petit tube et l&rsquo;attache de traction (headgear) va dans le plus grand tube.<\/p>\n<p><strong>Fil de fixation<\/strong> : Ce sont les dr\u00f4les de petits fils fins qui fixent l&rsquo;arc m\u00e9tallique aux attaches. Ils sont torsad\u00e9s, laissant une petite \u00ab\u00a0queue de cochon\u00a0\u00bb ou un fil torsad\u00e9, qui est ensuite gliss\u00e9 sous l&rsquo;arc m\u00e9tallique. Parfois, en mangeant ou en se brossant les dents, cela peut se plier et devenir g\u00eanant. Si cela se produit, poussez-le contre l&rsquo;arc m\u00e9tallique jusqu&rsquo;\u00e0 ce que nous puissions vous voir.<\/p>\n<p><strong>Conteneur<\/strong> : R\u00e9tention signifie retenir. Il s&rsquo;agit des appareils dentaires amovibles en plastique que nous pla\u00e7ons souvent lorsque vos appareils dentaires sont retir\u00e9s. Cela peut \u00eatre utilis\u00e9 pour fermer de petits espaces entre vos dents, effectuer de l\u00e9g\u00e8res corrections de positionnement de vos dents, ou simplement maintenir votre correction une fois qu&rsquo;elle est termin\u00e9e.<\/p>\n<p><strong>Traction (Headgear)<\/strong> : C&rsquo;est le moyen par lequel nous utilisons l&rsquo;arri\u00e8re du cou ou le sommet de la t\u00eate pour tirer de l&rsquo;ext\u00e9rieur afin de d\u00e9placer les dents \u00e0 l&rsquo;int\u00e9rieur de votre bouche. En utilisant ces forces externes, nous constatons que nous pouvons aider \u00e0 modifier la croissance de votre visage, ainsi que d\u00e9placer vos dents d&rsquo;une mani\u00e8re beaucoup plus facile pour vous.<\/p>\n<p><strong>Occlusion<\/strong> : C&rsquo;est un autre terme pour d\u00e9crire la mani\u00e8re dont vos dents s&#8217;embo\u00eetent lorsque vous les mettez en relation normale de mastication.<\/p>\n<p><strong>B\u00e9ance crois\u00e9e<\/strong> : La nature a pr\u00e9vu que toutes vos dents s&#8217;embo\u00eetent de mani\u00e8re ordonn\u00e9e. C&rsquo;est-\u00e0-dire que toutes les dents sup\u00e9rieures s&#8217;embo\u00eetent l\u00e9g\u00e8rement \u00e0 l&rsquo;ext\u00e9rieur des dents inf\u00e9rieures. Lorsqu&rsquo;une dent inf\u00e9rieure se d\u00e9cale \u00e0 l&rsquo;ext\u00e9rieur d&rsquo;une dent sup\u00e9rieure, on parle de b\u00e9ance crois\u00e9e.<\/p>\n<p><strong>Surplomb<\/strong> : Il s&rsquo;agit simplement d&rsquo;un terme pour d\u00e9crire le fait que les dents sup\u00e9rieures d\u00e9passent les dents inf\u00e9rieures. Un certain surplomb est normal. Un surplomb excessif peut causer des probl\u00e8mes graves et des changements faciaux qui ne sont pas particuli\u00e8rement souhaitables.[\/vc_column_text][vc_empty_space height=\u00a0\u00bb50px\u00a0\u00bb][\/vc_column_inner][vc_column_inner width=\u00a0\u00bb1\/3&Prime;][\/vc_column_inner][\/vc_row_inner][\/vc_column][\/vc_row]<\/p>\n<\/div>","protected":false},"excerpt":{"rendered":"<p>[vc_row css_animation=\u00a0\u00bb\u00a0\u00bb row_type=\u00a0\u00bbrow\u00a0\u00bb use_row_as_full_screen_section=\u00a0\u00bbno\u00a0\u00bb type=\u00a0\u00bbfull_width\u00a0\u00bb angled_section=\u00a0\u00bbno\u00a0\u00bb text_align=\u00a0\u00bbleft\u00a0\u00bb background_image_as_pattern=\u00a0\u00bbwithout_pattern\u00a0\u00bb css=\u00a0\u00bb.vc_custom_1688607503191{padding-top: 250px !important;padding-bottom: 100px !important;}\u00a0\u00bb z_index=\u00a0\u00bb\u00a0\u00bb background_color=\u00a0\u00bb#263047&Prime; background_image=\u00a0\u00bb10680&Prime;][vc_column][vc_row_inner row_type=\u00a0\u00bbrow\u00a0\u00bb type=\u00a0\u00bbgrid\u00a0\u00bb text_align=\u00a0\u00bbleft\u00a0\u00bb css_animation=\u00a0\u00bb\u00a0\u00bb][vc_column_inner width=\u00a0\u00bb1\/2&Prime;][vc_column_text el_class=\u00a0\u00bbdav-title\u00a0\u00bb]Glossaire des broches[\/vc_column_text][vc_column_text el_class=\u00a0\u00bbc-white\u00a0\u00bb]Apprenez le vocabulaire technique[\/vc_column_text][\/vc_column_inner][vc_column_inner width=\u00a0\u00bb1\/2&Prime;][\/vc_column_inner][\/vc_row_inner][\/vc_column][\/vc_row][vc_row css_animation=\u00a0\u00bb\u00a0\u00bb row_type=\u00a0\u00bbrow\u00a0\u00bb use_row_as_full_screen_section=\u00a0\u00bbno\u00a0\u00bb type=\u00a0\u00bbfull_width\u00a0\u00bb angled_section=\u00a0\u00bbyes\u00a0\u00bb angled_section_position=\u00a0\u00bbtop\u00a0\u00bb angled_section_direction=\u00a0\u00bbfrom_right_to_left\u00a0\u00bb text_align=\u00a0\u00bbleft\u00a0\u00bb background_image_as_pattern=\u00a0\u00bbwithout_pattern\u00a0\u00bb css=\u00a0\u00bb.vc_custom_1688431942241{padding-top: 100px !important;padding-bottom: 100px !important;}\u00a0\u00bb z_index=\u00a0\u00bb\u00a0\u00bb background_color=\u00a0\u00bb#ffffff\u00a0\u00bb][vc_column][vc_row_inner&#8230;<\/p>\n","protected":false},"author":1,"featured_media":0,"parent":0,"menu_order":0,"comment_status":"closed","ping_status":"closed","template":"full_width.php","meta":{"footnotes":""},"class_list":["post-10607","page","type-page","status-publish","hentry"],"_links":{"self":[{"href":"https:\/\/smilecreations.ca\/fr\/wp-json\/wp\/v2\/pages\/10607","targetHints":{"allow":["GET"]}}],"collection":[{"href":"https:\/\/smilecreations.ca\/fr\/wp-json\/wp\/v2\/pages"}],"about":[{"href":"https:\/\/smilecreations.ca\/fr\/wp-json\/wp\/v2\/types\/page"}],"author":[{"embeddable":true,"href":"https:\/\/smilecreations.ca\/fr\/wp-json\/wp\/v2\/users\/1"}],"replies":[{"embeddable":true,"href":"https:\/\/smilecreations.ca\/fr\/wp-json\/wp\/v2\/comments?post=10607"}],"version-history":[{"count":3,"href":"https:\/\/smilecreations.ca\/fr\/wp-json\/wp\/v2\/pages\/10607\/revisions"}],"predecessor-version":[{"id":10697,"href":"https:\/\/smilecreations.ca\/fr\/wp-json\/wp\/v2\/pages\/10607\/revisions\/10697"}],"wp:attachment":[{"href":"https:\/\/smilecreations.ca\/fr\/wp-json\/wp\/v2\/media?parent=10607"}],"curies":[{"name":"wp","href":"https:\/\/api.w.org\/{rel}","templated":true}]}}